{"id":97,"date":"2020-07-13T11:42:18","date_gmt":"2020-07-13T14:42:18","guid":{"rendered":"https:\/\/censoeconomico.indec.gob.ar\/?page_id=97"},"modified":"2021-01-13T09:52:01","modified_gmt":"2021-01-13T12:52:01","slug":"etapas","status":"publish","type":"page","link":"https:\/\/censoeconomico.indec.gob.ar\/index.php\/etapas\/","title":{"rendered":"Etapas"},"content":{"rendered":"\t\t<div data-elementor-type=\"wp-page\" data-elementor-id=\"97\" class=\"elementor elementor-97\" data-elementor-settings=\"[]\">\n\t\t\t\t\t\t<div class=\"elementor-inner\">\n\t\t\t\t\t\t\t<div class=\"elementor-section-wrap\">\n\t\t\t\t\t\t\t<section class=\"elementor-section elementor-top-section elementor-element elementor-element-4a55ab12 elementor-section-boxed elementor-section-height-default elementor-section-height-default\" data-id=\"4a55ab12\" data-element_type=\"section\" data-settings=\"{&quot;background_background&quot;:&quot;classic&quot;}\">\n\t\t\t\t\t\t\t<div class=\"elementor-background-overlay\"><\/div>\n\t\t\t\t\t\t\t<div class=\"elementor-container elementor-column-gap-default\">\n\t\t\t\t\t\t\t<div class=\"elementor-row\">\n\t\t\t\t\t<div class=\"elementor-column elementor-col-100 elementor-top-column elementor-element elementor-element-3b5db4f3\" data-id=\"3b5db4f3\" data-element_type=\"column\" data-settings=\"{&quot;background_background&quot;:&quot;classic&quot;}\">\n\t\t\t<div class=\"elementor-column-wrap elementor-element-populated\">\n\t\t\t\t\t\t\t<div class=\"elementor-widget-wrap\">\n\t\t\t\t\t\t<div class=\"elementor-element elementor-element-216bd92a elementor-widget elementor-widget-heading\" data-id=\"216bd92a\" data-element_type=\"widget\" data-widget_type=\"heading.default\">\n\t\t\t\t<div class=\"elementor-widget-container\">\n\t\t\t<h2 class=\"elementor-heading-title elementor-size-default\">Etapas del CNE 2020\/2021<\/h2>\t\t<\/div>\n\t\t\t\t<\/div>\n\t\t\t\t<div class=\"elementor-element elementor-element-1b1db1b2 elementor-widget elementor-widget-text-editor\" data-id=\"1b1db1b2\" data-element_type=\"widget\" data-widget_type=\"text-editor.default\">\n\t\t\t\t<div class=\"elementor-widget-container\">\n\t\t\t\t\t<div class=\"elementor-text-editor elementor-clearfix\"><p>Para el CNE se planificaron dos etapas. La primera consiste en el <strong>completamiento de un cuestionario digital<\/strong> al que acceder\u00e1n todas las personas humanas y jur\u00eddicas de la Argentina, haciendo uso de su C\u00f3digo \u00danico de Identificaci\u00f3n Tributaria (CUIT) y su clave fiscal. Y la segunda se trata de la realizaci\u00f3n de un <strong>conjunto de encuestas digitales<\/strong> dirigidas a una muestra representativa de esas unidades econ\u00f3micas.<\/p><\/div>\n\t\t\t\t<\/div>\n\t\t\t\t<\/div>\n\t\t\t\t<div class=\"elementor-element elementor-element-a856258 elementor-widget elementor-widget-heading\" data-id=\"a856258\" data-element_type=\"widget\" data-widget_type=\"heading.default\">\n\t\t\t\t<div class=\"elementor-widget-container\">\n\t\t\t<h2 class=\"elementor-heading-title elementor-size-default\">Primera etapa: el registro estad\u00edstico digital<\/h2>\t\t<\/div>\n\t\t\t\t<\/div>\n\t\t\t\t<div class=\"elementor-element elementor-element-a6e423c elementor-widget elementor-widget-text-editor\" data-id=\"a6e423c\" data-element_type=\"widget\" data-widget_type=\"text-editor.default\">\n\t\t\t\t<div class=\"elementor-widget-container\">\n\t\t\t\t\t<div class=\"elementor-text-editor elementor-clearfix\"><p>Las empresas, instituciones sin fines de lucro, profesionales y emprendedores que tienen una actividad registrada participar\u00e1n de la primera etapa del CNE a trav\u00e9s de un cuestionario digital desarrollado en el INDEC, denominado <strong>e-CNE<\/strong>. Con la informaci\u00f3n obtenida, se catalogar\u00e1 a todos los agentes econ\u00f3micos y sus caracter\u00edsticas, lo que permitir\u00e1 distinguir la actividad principal que desarrollan y si realizan, adem\u00e1s, otras actividades. Se estima que en esta etapa participar\u00e1n m\u00e1s de 6.500.000 unidades econ\u00f3micas, entre personas humanas y jur\u00eddicas.<\/p><p>Una vez completada esta primera etapa, se podr\u00e1 construir el registro estad\u00edstico de unidades econ\u00f3micas (REUE) que proporcionar\u00e1 estad\u00edsticas estructurales y demogr\u00e1ficas de las empresas con informaci\u00f3n acerca de cu\u00e1ntas se crean y cu\u00e1ntas se cierran en un a\u00f1o, la edad promedio, el tama\u00f1o y la distribuci\u00f3n geogr\u00e1fica de las empresas, la cantidad de monotributistas y aut\u00f3nomos del pa\u00eds y sus actividades principales, entre otras variables. La actualizaci\u00f3n del REUE se llevar\u00e1 a cabo en forma permanente con registros administrativos.<\/p><p>Este nuevo marco muestral, que es m\u00e1s preciso y din\u00e1mico para la realizaci\u00f3n de encuestas econ\u00f3micas continuas, se establecer\u00e1 como la columna vertebral de los procesos de generaci\u00f3n de estad\u00edsticas econ\u00f3micas. El uso de esta informaci\u00f3n permitir\u00e1 obtener muestras armonizadas para todas las encuestas de empresas, evitar\u00e1 duplicaciones y omisiones en la recolecci\u00f3n de datos, y despejar\u00e1 el camino para una mayor congruencia entre los resultados de diferentes encuestas, lo que reducir\u00e1 la carga sobre los informantes del INDEC.<\/p><\/div>\n\t\t\t\t<\/div>\n\t\t\t\t<\/div>\n\t\t\t\t<div class=\"elementor-element elementor-element-88b235b elementor-widget elementor-widget-heading\" data-id=\"88b235b\" data-element_type=\"widget\" data-widget_type=\"heading.default\">\n\t\t\t\t<div class=\"elementor-widget-container\">\n\t\t\t<h2 class=\"elementor-heading-title elementor-size-default\">Segunda etapa del CNE 2020\/2021: Encuestas estructurales econ\u00f3micas \n<\/h2>\t\t<\/div>\n\t\t\t\t<\/div>\n\t\t\t\t<div class=\"elementor-element elementor-element-3ab0ac6 elementor-widget elementor-widget-text-editor\" data-id=\"3ab0ac6\" data-element_type=\"widget\" data-widget_type=\"text-editor.default\">\n\t\t\t\t<div class=\"elementor-widget-container\">\n\t\t\t\t\t<div class=\"elementor-text-editor elementor-clearfix\"><p>Con la informaci\u00f3n digital de las unidades econ\u00f3micas del pa\u00eds se podr\u00e1n obtener muestras representativas para la realizaci\u00f3n de encuestas estructurales econ\u00f3micas y encuestas sectoriales para obtener informaci\u00f3n sobre producci\u00f3n e insumos desagregados por actividad y por producto, canales y m\u00e1rgenes de distribuci\u00f3n (transporte y comercio), entre otros datos relacionados a las sociedades no financieras. Por lo tanto, se prev\u00e9 la realizaci\u00f3n de los siguientes relevamientos:<\/p><p>\u00a0<\/p><ul><li>Encuesta estructural econ\u00f3mica<\/li><li>Encuesta a grandes empresas<\/li><li>Encuesta sectorial de industria<\/li><li>Encuesta sectorial de comercio<\/li><li>Encuesta sectorial de servicios<\/li><li>Encuesta a sociedades sin fines de lucro<\/li><\/ul><\/div>\n\t\t\t\t<\/div>\n\t\t\t\t<\/div>\n\t\t\t\t\t\t<\/div>\n\t\t\t\t\t<\/div>\n\t\t<\/div>\n\t\t\t\t\t\t\t\t<\/div>\n\t\t\t\t\t<\/div>\n\t\t<\/section>\n\t\t\t\t<section class=\"elementor-section elementor-top-section elementor-element elementor-element-b1609eb elementor-section-boxed elementor-section-height-default elementor-section-height-default\" data-id=\"b1609eb\" data-element_type=\"section\">\n\t\t\t\t\t\t<div class=\"elementor-container elementor-column-gap-default\">\n\t\t\t\t\t\t\t<div class=\"elementor-row\">\n\t\t\t\t\t<div class=\"elementor-column elementor-col-100 elementor-top-column elementor-element elementor-element-67f43e3\" data-id=\"67f43e3\" data-element_type=\"column\">\n\t\t\t<div class=\"elementor-column-wrap elementor-element-populated\">\n\t\t\t\t\t\t\t<div class=\"elementor-widget-wrap\">\n\t\t\t\t\t\t<div class=\"elementor-element elementor-element-d79399e elementor-widget elementor-widget-spacer\" data-id=\"d79399e\" data-element_type=\"widget\" data-widget_type=\"spacer.default\">\n\t\t\t\t<div class=\"elementor-widget-container\">\n\t\t\t\t\t<div class=\"elementor-spacer\">\n\t\t\t<div class=\"elementor-spacer-inner\"><\/div>\n\t\t<\/div>\n\t\t\t\t<\/div>\n\t\t\t\t<\/div>\n\t\t\t\t\t\t<\/div>\n\t\t\t\t\t<\/div>\n\t\t<\/div>\n\t\t\t\t\t\t\t\t<\/div>\n\t\t\t\t\t<\/div>\n\t\t<\/section>\n\t\t\t\t\t\t<\/div>\n\t\t\t\t\t\t<\/div>\n\t\t\t\t\t<\/div>\n\t\t","protected":false},"excerpt":{"rendered":"<p>Etapas del Censo Nacional Econ\u00f3mico 2020\/2021. Para el CNE se planificaron dos etapas. La primera consiste en el completamiento de un cuestionario digital al que acceder\u00e1n todas las personas humanas y jur\u00eddicas de la Argentina, haciendo uso de su C\u00f3digo \u00danico de Identificaci\u00f3n Tributaria (CUIT) y su clave fiscal. Y la segunda se trata de la realizaci\u00f3n de un conjunto de encuestas digitales dirigidas a una muestra representativa de esas unidades econ\u00f3micas.<\/p>\n","protected":false},"author":4,"featured_media":0,"parent":0,"menu_order":0,"comment_status":"closed","ping_status":"closed","template":"elementor_header_footer","meta":[],"yoast_head":"<!-- This site is optimized with the Yoast SEO plugin v15.5 - https:\/\/yoast.com\/wordpress\/plugins\/seo\/ -->\n<title>Etapas - CNE<\/title>\n<meta name=\"robots\" content=\"index, follow, max-snippet:-1, max-image-preview:large, max-video-preview:-1\" \/>\n<link rel=\"canonical\" href=\"https:\/\/censoeconomico.indec.gob.ar\/index.php\/etapas\/\" \/>\n<meta property=\"og:locale\" content=\"es_ES\" \/>\n<meta property=\"og:type\" content=\"article\" \/>\n<meta property=\"og:title\" content=\"Etapas - CNE\" \/>\n<meta property=\"og:description\" content=\"Etapas del Censo Nacional Econ\u00f3mico 2020\/2021. Para el CNE se planificaron dos etapas. La primera consiste en el completamiento de un cuestionario digital al que acceder\u00e1n todas las personas humanas y jur\u00eddicas de la Argentina, haciendo uso de su C\u00f3digo \u00danico de Identificaci\u00f3n Tributaria (CUIT) y su clave fiscal. Y la segunda se trata de la realizaci\u00f3n de un conjunto de encuestas digitales dirigidas a una muestra representativa de esas unidades econ\u00f3micas.\" \/>\n<meta property=\"og:url\" content=\"https:\/\/censoeconomico.indec.gob.ar\/index.php\/etapas\/\" \/>\n<meta property=\"og:site_name\" content=\"CNE\" \/>\n<meta property=\"article:modified_time\" content=\"2021-01-13T12:52:01+00:00\" \/>\n<meta name=\"twitter:card\" content=\"summary_large_image\" \/>\n<meta name=\"twitter:label1\" content=\"Est. reading time\">\n\t<meta name=\"twitter:data1\" content=\"2 minutos\">\n<script type=\"application\/ld+json\" class=\"yoast-schema-graph\">{\"@context\":\"https:\/\/schema.org\",\"@graph\":[{\"@type\":\"WebSite\",\"@id\":\"https:\/\/censoeconomico.indec.gob.ar\/#website\",\"url\":\"https:\/\/censoeconomico.indec.gob.ar\/\",\"name\":\"CNE\",\"description\":\"Censo Nacional Econ\\u00f3mico\",\"potentialAction\":[{\"@type\":\"SearchAction\",\"target\":\"https:\/\/censoeconomico.indec.gob.ar\/?s={search_term_string}\",\"query-input\":\"required name=search_term_string\"}],\"inLanguage\":\"es-AR\"},{\"@type\":\"WebPage\",\"@id\":\"https:\/\/censoeconomico.indec.gob.ar\/index.php\/etapas\/#webpage\",\"url\":\"https:\/\/censoeconomico.indec.gob.ar\/index.php\/etapas\/\",\"name\":\"Etapas - CNE\",\"isPartOf\":{\"@id\":\"https:\/\/censoeconomico.indec.gob.ar\/#website\"},\"datePublished\":\"2020-07-13T14:42:18+00:00\",\"dateModified\":\"2021-01-13T12:52:01+00:00\",\"inLanguage\":\"es-AR\",\"potentialAction\":[{\"@type\":\"ReadAction\",\"target\":[\"https:\/\/censoeconomico.indec.gob.ar\/index.php\/etapas\/\"]}]}]}<\/script>\n<!-- \/ Yoast SEO plugin. -->","_links":{"self":[{"href":"https:\/\/censoeconomico.indec.gob.ar\/index.php\/wp-json\/wp\/v2\/pages\/97"}],"collection":[{"href":"https:\/\/censoeconomico.indec.gob.ar\/index.php\/wp-json\/wp\/v2\/pages"}],"about":[{"href":"https:\/\/censoeconomico.indec.gob.ar\/index.php\/wp-json\/wp\/v2\/types\/page"}],"author":[{"embeddable":true,"href":"https:\/\/censoeconomico.indec.gob.ar\/index.php\/wp-json\/wp\/v2\/users\/4"}],"replies":[{"embeddable":true,"href":"https:\/\/censoeconomico.indec.gob.ar\/index.php\/wp-json\/wp\/v2\/comments?post=97"}],"version-history":[{"count":60,"href":"https:\/\/censoeconomico.indec.gob.ar\/index.php\/wp-json\/wp\/v2\/pages\/97\/revisions"}],"predecessor-version":[{"id":3358,"href":"https:\/\/censoeconomico.indec.gob.ar\/index.php\/wp-json\/wp\/v2\/pages\/97\/revisions\/3358"}],"wp:attachment":[{"href":"https:\/\/censoeconomico.indec.gob.ar\/index.php\/wp-json\/wp\/v2\/media?parent=97"}],"curies":[{"name":"wp","href":"https:\/\/api.w.org\/{rel}","templated":true}]}}