{"id":963,"date":"2020-09-25T09:27:28","date_gmt":"2020-09-25T12:27:28","guid":{"rendered":"https:\/\/censoeconomico.indec.gob.ar\/?page_id=963"},"modified":"2020-11-27T09:54:45","modified_gmt":"2020-11-27T12:54:45","slug":"fotos","status":"publish","type":"page","link":"https:\/\/censoeconomico.indec.gob.ar\/index.php\/multimedia\/fotos\/","title":{"rendered":"Fotos"},"content":{"rendered":"\t\t<div data-elementor-type=\"wp-page\" data-elementor-id=\"963\" class=\"elementor elementor-963\" data-elementor-settings=\"[]\">\n\t\t\t\t\t\t<div class=\"elementor-inner\">\n\t\t\t\t\t\t\t<div class=\"elementor-section-wrap\">\n\t\t\t\t\t\t\t<section class=\"elementor-section elementor-top-section elementor-element elementor-element-4af7ea7 elementor-section-boxed elementor-section-height-default elementor-section-height-default\" data-id=\"4af7ea7\" data-element_type=\"section\">\n\t\t\t\t\t\t<div class=\"elementor-container elementor-column-gap-default\">\n\t\t\t\t\t\t\t<div class=\"elementor-row\">\n\t\t\t\t\t<div class=\"elementor-column elementor-col-50 elementor-top-column elementor-element elementor-element-44bda8a9\" data-id=\"44bda8a9\" data-element_type=\"column\">\n\t\t\t<div class=\"elementor-column-wrap elementor-element-populated\">\n\t\t\t\t\t\t\t<div class=\"elementor-widget-wrap\">\n\t\t\t\t\t\t<section class=\"elementor-section elementor-inner-section elementor-element elementor-element-d428335 elementor-section-height-min-height elementor-section-content-middle elementor-section-boxed elementor-section-height-default\" data-id=\"d428335\" data-element_type=\"section\" data-settings=\"{&quot;background_background&quot;:&quot;classic&quot;}\">\n\t\t\t\t\t\t<div class=\"elementor-container elementor-column-gap-no\">\n\t\t\t\t\t\t\t<div class=\"elementor-row\">\n\t\t\t\t\t<div class=\"elementor-column elementor-col-100 elementor-inner-column elementor-element elementor-element-35c0b3d\" data-id=\"35c0b3d\" data-element_type=\"column\">\n\t\t\t<div class=\"elementor-column-wrap elementor-element-populated\">\n\t\t\t\t\t\t\t<div class=\"elementor-widget-wrap\">\n\t\t\t\t\t\t<div class=\"elementor-element elementor-element-88b114d elementor-widget elementor-widget-heading\" data-id=\"88b114d\" data-element_type=\"widget\" data-widget_type=\"heading.default\">\n\t\t\t\t<div class=\"elementor-widget-container\">\n\t\t\t<h2 class=\"elementor-heading-title elementor-size-default\">Multimedia<\/h2>\t\t<\/div>\n\t\t\t\t<\/div>\n\t\t\t\t\t\t<\/div>\n\t\t\t\t\t<\/div>\n\t\t<\/div>\n\t\t\t\t\t\t\t\t<\/div>\n\t\t\t\t\t<\/div>\n\t\t<\/section>\n\t\t\t\t<div class=\"elementor-element elementor-element-77b635ff elementor-widget elementor-widget-heading\" data-id=\"77b635ff\" data-element_type=\"widget\" data-widget_type=\"heading.default\">\n\t\t\t\t<div class=\"elementor-widget-container\">\n\t\t\t<h2 class=\"elementor-heading-title elementor-size-default\">Fotos<\/h2>\t\t<\/div>\n\t\t\t\t<\/div>\n\t\t\t\t<div class=\"elementor-element elementor-element-e247133 elementor-widget elementor-widget-shortcode\" data-id=\"e247133\" data-element_type=\"widget\" data-widget_type=\"shortcode.default\">\n\t\t\t\t<div class=\"elementor-widget-container\">\n\t\t\t\t\t<div class=\"elementor-shortcode\"><\/div>\n\t\t\t\t<\/div>\n\t\t\t\t<\/div>\n\t\t\t\t<div class=\"elementor-element elementor-element-41252139 elementor-grid-2 elementor-grid-tablet-2 elementor-grid-mobile-1 elementor-posts--thumbnail-top elementor-widget elementor-widget-posts\" data-id=\"41252139\" data-element_type=\"widget\" data-settings=\"{&quot;classic_columns&quot;:&quot;2&quot;,&quot;classic_columns_tablet&quot;:&quot;2&quot;,&quot;classic_columns_mobile&quot;:&quot;1&quot;,&quot;classic_row_gap&quot;:{&quot;unit&quot;:&quot;px&quot;,&quot;size&quot;:35,&quot;sizes&quot;:[]}}\" data-widget_type=\"posts.classic\">\n\t\t\t\t<div class=\"elementor-widget-container\">\n\t\t\t\t\t<div class=\"elementor-posts-container elementor-posts elementor-posts--skin-classic elementor-grid\">\n\t\t\t\t<article class=\"elementor-post elementor-grid-item post-2996 post type-post status-publish format-standard has-post-thumbnail hentry category-fotos category-multimedia tag-e-cne entry has-media\">\n\t\t\t\t<a class=\"elementor-post__thumbnail__link\" href=\"https:\/\/censoeconomico.indec.gob.ar\/index.php\/2020\/11\/30\/comenzo-el-censo-nacional-economico-2020-2021-2\/\" >\n\t\t\t<div class=\"elementor-post__thumbnail\"><img width=\"300\" height=\"200\" src=\"https:\/\/censoeconomico.indec.gob.ar\/wp-content\/uploads\/2020\/11\/foto_comenzo_cne_lavagna_30_11_20-1-300x200.jpg\" class=\"attachment-medium size-medium\" alt=\"\" loading=\"lazy\" srcset=\"https:\/\/censoeconomico.indec.gob.ar\/wp-content\/uploads\/2020\/11\/foto_comenzo_cne_lavagna_30_11_20-1-300x200.jpg 300w, https:\/\/censoeconomico.indec.gob.ar\/wp-content\/uploads\/2020\/11\/foto_comenzo_cne_lavagna_30_11_20-1-1024x682.jpg 1024w, https:\/\/censoeconomico.indec.gob.ar\/wp-content\/uploads\/2020\/11\/foto_comenzo_cne_lavagna_30_11_20-1-768x512.jpg 768w, https:\/\/censoeconomico.indec.gob.ar\/wp-content\/uploads\/2020\/11\/foto_comenzo_cne_lavagna_30_11_20-1-1536x1023.jpg 1536w, https:\/\/censoeconomico.indec.gob.ar\/wp-content\/uploads\/2020\/11\/foto_comenzo_cne_lavagna_30_11_20-1.jpg 1600w\" sizes=\"(max-width: 300px) 100vw, 300px\" \/><\/div>\n\t\t<\/a>\n\t\t\t\t<div class=\"elementor-post__text\">\n\t\t\t\t<h3 class=\"elementor-post__title\">\n\t\t\t<a href=\"https:\/\/censoeconomico.indec.gob.ar\/index.php\/2020\/11\/30\/comenzo-el-censo-nacional-economico-2020-2021-2\/\" >\n\t\t\t\tComenz\u00f3 el Censo Nacional Econ\u00f3mico 2020\/2021\t\t\t<\/a>\n\t\t<\/h3>\n\t\t\t\t<\/div>\n\t\t\t\t<\/article>\n\t\t\t\t<article class=\"elementor-post elementor-grid-item post-2490 post type-post status-publish format-standard has-post-thumbnail hentry category-fotos category-multimedia tag-e-cne entry has-media\">\n\t\t\t\t<a class=\"elementor-post__thumbnail__link\" href=\"https:\/\/censoeconomico.indec.gob.ar\/index.php\/2020\/11\/19\/presentacion-ante-el-consejo-profesional-de-ciencias-economicas-de-la-ciudad-autonoma-de-buenos-aires\/\" >\n\t\t\t<div class=\"elementor-post__thumbnail\"><img width=\"300\" height=\"200\" src=\"https:\/\/censoeconomico.indec.gob.ar\/wp-content\/uploads\/2020\/11\/Reunion-Consejo-INDEC_opt-300x200.jpg\" class=\"attachment-medium size-medium\" alt=\"Presentaci\u00f3n ante el Consejo Profesional de Ciencias Econ\u00f3micas de la Ciudad Aut\u00f3noma de Buenos Aires\" loading=\"lazy\" srcset=\"https:\/\/censoeconomico.indec.gob.ar\/wp-content\/uploads\/2020\/11\/Reunion-Consejo-INDEC_opt-300x200.jpg 300w, https:\/\/censoeconomico.indec.gob.ar\/wp-content\/uploads\/2020\/11\/Reunion-Consejo-INDEC_opt-1024x682.jpg 1024w, https:\/\/censoeconomico.indec.gob.ar\/wp-content\/uploads\/2020\/11\/Reunion-Consejo-INDEC_opt-768x512.jpg 768w, https:\/\/censoeconomico.indec.gob.ar\/wp-content\/uploads\/2020\/11\/Reunion-Consejo-INDEC_opt-1536x1023.jpg 1536w, https:\/\/censoeconomico.indec.gob.ar\/wp-content\/uploads\/2020\/11\/Reunion-Consejo-INDEC_opt.jpg 1600w\" sizes=\"(max-width: 300px) 100vw, 300px\" \/><\/div>\n\t\t<\/a>\n\t\t\t\t<div class=\"elementor-post__text\">\n\t\t\t\t<h3 class=\"elementor-post__title\">\n\t\t\t<a href=\"https:\/\/censoeconomico.indec.gob.ar\/index.php\/2020\/11\/19\/presentacion-ante-el-consejo-profesional-de-ciencias-economicas-de-la-ciudad-autonoma-de-buenos-aires\/\" >\n\t\t\t\tPresentaci\u00f3n ante el Consejo Profesional de Ciencias Econ\u00f3micas de la Ciudad Aut\u00f3noma de Buenos Aires\t\t\t<\/a>\n\t\t<\/h3>\n\t\t\t\t<\/div>\n\t\t\t\t<\/article>\n\t\t\t\t<article class=\"elementor-post elementor-grid-item post-2034 post type-post status-publish format-standard has-post-thumbnail hentry category-fotos category-multimedia tag-e-cne entry has-media\">\n\t\t\t\t<a class=\"elementor-post__thumbnail__link\" href=\"https:\/\/censoeconomico.indec.gob.ar\/index.php\/2020\/11\/12\/e-cne\/\" >\n\t\t\t<div class=\"elementor-post__thumbnail\"><img width=\"300\" height=\"200\" src=\"https:\/\/censoeconomico.indec.gob.ar\/wp-content\/uploads\/2020\/11\/foto_eCNE_primer_censo_100_digital-300x200.jpg\" class=\"attachment-medium size-medium\" alt=\"e-CNE\" loading=\"lazy\" srcset=\"https:\/\/censoeconomico.indec.gob.ar\/wp-content\/uploads\/2020\/11\/foto_eCNE_primer_censo_100_digital-300x200.jpg 300w, https:\/\/censoeconomico.indec.gob.ar\/wp-content\/uploads\/2020\/11\/foto_eCNE_primer_censo_100_digital-768x512.jpg 768w, https:\/\/censoeconomico.indec.gob.ar\/wp-content\/uploads\/2020\/11\/foto_eCNE_primer_censo_100_digital.jpg 957w\" sizes=\"(max-width: 300px) 100vw, 300px\" \/><\/div>\n\t\t<\/a>\n\t\t\t\t<div class=\"elementor-post__text\">\n\t\t\t\t<h3 class=\"elementor-post__title\">\n\t\t\t<a href=\"https:\/\/censoeconomico.indec.gob.ar\/index.php\/2020\/11\/12\/e-cne\/\" >\n\t\t\t\tEl INDEC inicia el Censo Nacional Econ\u00f3mico 2020\/2021 a partir del 30 de noviembre\t\t\t<\/a>\n\t\t<\/h3>\n\t\t\t\t<\/div>\n\t\t\t\t<\/article>\n\t\t\t\t<\/div>\n\t\t\t\t<\/div>\n\t\t\t\t<\/div>\n\t\t\t\t\t\t<\/div>\n\t\t\t\t\t<\/div>\n\t\t<\/div>\n\t\t\t\t<div class=\"elementor-column elementor-col-50 elementor-top-column elementor-element elementor-element-6d5ecf33 elementor-hidden-tablet elementor-hidden-phone\" data-id=\"6d5ecf33\" data-element_type=\"column\" data-settings=\"{&quot;background_background&quot;:&quot;classic&quot;}\">\n\t\t\t<div class=\"elementor-column-wrap elementor-element-populated\">\n\t\t\t\t\t\t\t<div class=\"elementor-widget-wrap\">\n\t\t\t\t\t\t<div class=\"elementor-element elementor-element-2f0974fc elementor-widget elementor-widget-sidebar\" data-id=\"2f0974fc\" data-element_type=\"widget\" data-widget_type=\"sidebar.default\">\n\t\t\t\t<div class=\"elementor-widget-container\">\n\t\t\t<div id=\"custom_html-26\" class=\"widget_text sidebar-box widget_custom_html clr\"><div class=\"textwidget custom-html-widget\"><p style=\"\r\n\t\t\t\t\ttext-align: left;\r\n\t\t\t\t\tcolor: #707070;\r\n\t\t\t\t\tfont-size:18px;\r\n\t\t\t\t\tfont-weight:800;\r\n\t\t\t\t\t\">\r\n\tBuscar por:\r\n<\/p>\r\n<\/div><\/div><div id=\"custom_html-25\" class=\"widget_text sidebar-box widget_custom_html clr\"><div class=\"textwidget custom-html-widget\"><style>\r\n  .filtro-noticias{\r\n\t\twidth: 100%;\r\n\t\tbackground:#fff;\r\n\t\tborder-radius: 34px;\r\n\t\theight: 46px;\r\n  }\r\n  .filtro-noticias:hover{\r\n\t\t\r\n  }\r\n<\/style>\r\n<select class=\"filtro-noticias\" onchange=\"seleccionaAT('categorias')\" name=\"categorias\" id=\"categorias\">\r\n<option selected>Seleccione una categoria...<\/option>\r\n<option value= \"multimedia\">Todas las categorias<\/option>\r\n<option value=\"videos\">Videos<\/option>\r\n<option value=\"fotos\">Fotos<\/option>\r\n<option value=\"podcasts-p\">Podcast<\/option>\r\n<option value=\"infografias\">Infografias<\/option>\r\n<\/select>\r\n\r\n\r\n<script type=\"text\/javascript\">\r\nfunction seleccionaAT (id){\r\n\r\n  var combo = document.getElementById(id).value;\r\n\r\n  window.location=\"https:\/\/censoeconomico.indec.gob.ar\/index.php\/multimedia\/\"+combo;\r\n}\r\n\r\n<\/script><\/div><\/div><div id=\"custom_html-24\" class=\"widget_text sidebar-box widget_custom_html clr\"><div class=\"textwidget custom-html-widget\"><style>\r\n  .filtro-noticias{\r\n\t\twidth: 100%;\r\n\t\tbackground:#fff;\r\n\t\tborder-radius: 34px;\r\n\t\theight: 46px;\r\n  }\r\n  .filtro-noticias:hover{\r\n\t\t\r\n  }\r\n<\/style>\r\n<select class=\"filtro-noticias\" onchange=\"seleccionaAT('temas-des')\" name=\"temas-des\" id=\"temas-des\">\r\n<option selected>Seleccione un tema...<\/option>\r\n<option value= \"multimedia\">Todos los temas<\/option>\r\n<option value=\"precensal-multimedia\">Precensal<\/option>\r\n<option value=\"e-CNE-multimedia\">e-CNE<\/option>\r\n<option value=\"encuestas-digitales-multimedia\">Encuestas digitales<\/option>\r\n<option value=\"resultados-multimedia\">Resultados<\/option>\r\n<\/select>\r\n\r\n\r\n<script type=\"text\/javascript\">\r\nfunction seleccionaAT (id){\r\n\r\n  var combo = document.getElementById(id).value;\r\n\r\n  window.location=\"https:\/\/censoeconomico.indec.gob.ar\/index.php\/multimedia\/\"+combo;\r\n}\r\n\r\n<\/script>\r\n<\/div><\/div>\t\t<\/div>\n\t\t\t\t<\/div>\n\t\t\t\t\t\t<\/div>\n\t\t\t\t\t<\/div>\n\t\t<\/div>\n\t\t\t\t\t\t\t\t<\/div>\n\t\t\t\t\t<\/div>\n\t\t<\/section>\n\t\t\t\t\t\t<\/div>\n\t\t\t\t\t\t<\/div>\n\t\t\t\t\t<\/div>\n\t\t","protected":false},"excerpt":{"rendered":"<p>Fotos del Censo Nacional Econ\u00f3mico 2020\/2021<\/p>\n","protected":false},"author":2,"featured_media":0,"parent":229,"menu_order":0,"comment_status":"closed","ping_status":"closed","template":"elementor_header_footer","meta":[],"yoast_head":"<!-- This site is optimized with the Yoast SEO plugin v15.5 - https:\/\/yoast.com\/wordpress\/plugins\/seo\/ -->\n<title>Fotos - CNE<\/title>\n<meta name=\"robots\" content=\"index, follow, max-snippet:-1, max-image-preview:large, max-video-preview:-1\" \/>\n<link rel=\"canonical\" href=\"https:\/\/censoeconomico.indec.gob.ar\/index.php\/multimedia\/fotos\/\" \/>\n<meta property=\"og:locale\" content=\"es_ES\" \/>\n<meta property=\"og:type\" content=\"article\" \/>\n<meta property=\"og:title\" content=\"Fotos - CNE\" \/>\n<meta property=\"og:description\" content=\"Fotos del Censo Nacional Econ\u00f3mico 2020\/2021\" \/>\n<meta property=\"og:url\" content=\"https:\/\/censoeconomico.indec.gob.ar\/index.php\/multimedia\/fotos\/\" \/>\n<meta property=\"og:site_name\" content=\"CNE\" \/>\n<meta property=\"article:modified_time\" content=\"2020-11-27T12:54:45+00:00\" \/>\n<meta name=\"twitter:card\" content=\"summary_large_image\" \/>\n<meta name=\"twitter:label1\" content=\"Est. reading time\">\n\t<meta name=\"twitter:data1\" content=\"0 minutos\">\n<script type=\"application\/ld+json\" class=\"yoast-schema-graph\">{\"@context\":\"https:\/\/schema.org\",\"@graph\":[{\"@type\":\"WebSite\",\"@id\":\"https:\/\/censoeconomico.indec.gob.ar\/#website\",\"url\":\"https:\/\/censoeconomico.indec.gob.ar\/\",\"name\":\"CNE\",\"description\":\"Censo Nacional Econ\\u00f3mico\",\"potentialAction\":[{\"@type\":\"SearchAction\",\"target\":\"https:\/\/censoeconomico.indec.gob.ar\/?s={search_term_string}\",\"query-input\":\"required name=search_term_string\"}],\"inLanguage\":\"es-AR\"},{\"@type\":\"WebPage\",\"@id\":\"https:\/\/censoeconomico.indec.gob.ar\/index.php\/multimedia\/fotos\/#webpage\",\"url\":\"https:\/\/censoeconomico.indec.gob.ar\/index.php\/multimedia\/fotos\/\",\"name\":\"Fotos - CNE\",\"isPartOf\":{\"@id\":\"https:\/\/censoeconomico.indec.gob.ar\/#website\"},\"datePublished\":\"2020-09-25T12:27:28+00:00\",\"dateModified\":\"2020-11-27T12:54:45+00:00\",\"inLanguage\":\"es-AR\",\"potentialAction\":[{\"@type\":\"ReadAction\",\"target\":[\"https:\/\/censoeconomico.indec.gob.ar\/index.php\/multimedia\/fotos\/\"]}]}]}<\/script>\n<!-- \/ Yoast SEO plugin. -->","_links":{"self":[{"href":"https:\/\/censoeconomico.indec.gob.ar\/index.php\/wp-json\/wp\/v2\/pages\/963"}],"collection":[{"href":"https:\/\/censoeconomico.indec.gob.ar\/index.php\/wp-json\/wp\/v2\/pages"}],"about":[{"href":"https:\/\/censoeconomico.indec.gob.ar\/index.php\/wp-json\/wp\/v2\/types\/page"}],"author":[{"embeddable":true,"href":"https:\/\/censoeconomico.indec.gob.ar\/index.php\/wp-json\/wp\/v2\/users\/2"}],"replies":[{"embeddable":true,"href":"https:\/\/censoeconomico.indec.gob.ar\/index.php\/wp-json\/wp\/v2\/comments?post=963"}],"version-history":[{"count":9,"href":"https:\/\/censoeconomico.indec.gob.ar\/index.php\/wp-json\/wp\/v2\/pages\/963\/revisions"}],"predecessor-version":[{"id":2910,"href":"https:\/\/censoeconomico.indec.gob.ar\/index.php\/wp-json\/wp\/v2\/pages\/963\/revisions\/2910"}],"up":[{"embeddable":true,"href":"https:\/\/censoeconomico.indec.gob.ar\/index.php\/wp-json\/wp\/v2\/pages\/229"}],"wp:attachment":[{"href":"https:\/\/censoeconomico.indec.gob.ar\/index.php\/wp-json\/wp\/v2\/media?parent=963"}],"curies":[{"name":"wp","href":"https:\/\/api.w.org\/{rel}","templated":true}]}}