{"id":87,"date":"2020-07-08T14:36:15","date_gmt":"2020-07-08T17:36:15","guid":{"rendered":"https:\/\/censoeconomico.indec.gob.ar\/?page_id=87"},"modified":"2022-10-26T13:32:35","modified_gmt":"2022-10-26T16:32:35","slug":"datos-clave","status":"publish","type":"page","link":"https:\/\/censoeconomico.indec.gob.ar\/index.php\/datos-clave\/","title":{"rendered":"Datos clave"},"content":{"rendered":"\t\t<div data-elementor-type=\"wp-page\" data-elementor-id=\"87\" class=\"elementor elementor-87\" data-elementor-settings=\"[]\">\n\t\t\t\t\t\t<div class=\"elementor-inner\">\n\t\t\t\t\t\t\t<div class=\"elementor-section-wrap\">\n\t\t\t\t\t\t\t<section class=\"elementor-section elementor-top-section elementor-element elementor-element-1b44939c elementor-section-boxed elementor-section-height-default elementor-section-height-default\" data-id=\"1b44939c\" data-element_type=\"section\" data-settings=\"{&quot;background_background&quot;:&quot;classic&quot;}\">\n\t\t\t\t\t\t\t<div class=\"elementor-background-overlay\"><\/div>\n\t\t\t\t\t\t\t<div class=\"elementor-container elementor-column-gap-default\">\n\t\t\t\t\t\t\t<div class=\"elementor-row\">\n\t\t\t\t\t<div class=\"elementor-column elementor-col-100 elementor-top-column elementor-element elementor-element-5d7150a4\" data-id=\"5d7150a4\" data-element_type=\"column\" data-settings=\"{&quot;background_background&quot;:&quot;classic&quot;}\">\n\t\t\t<div class=\"elementor-column-wrap elementor-element-populated\">\n\t\t\t\t\t\t\t<div class=\"elementor-widget-wrap\">\n\t\t\t\t\t\t<div class=\"elementor-element elementor-element-5462a707 elementor-widget elementor-widget-heading\" data-id=\"5462a707\" data-element_type=\"widget\" data-widget_type=\"heading.default\">\n\t\t\t\t<div class=\"elementor-widget-container\">\n\t\t\t<h2 class=\"elementor-heading-title elementor-size-default\">Datos clave del Censo Nacional Econ\u00f3mico (CNE)<\/h2>\t\t<\/div>\n\t\t\t\t<\/div>\n\t\t\t\t<div class=\"elementor-element elementor-element-28b4cfe1 elementor-widget elementor-widget-heading\" data-id=\"28b4cfe1\" data-element_type=\"widget\" data-widget_type=\"heading.default\">\n\t\t\t\t<div class=\"elementor-widget-container\">\n\t\t\t<h2 class=\"elementor-heading-title elementor-size-default\">Qu\u00e9 es un censo econ\u00f3mico<\/h2>\t\t<\/div>\n\t\t\t\t<\/div>\n\t\t\t\t<div class=\"elementor-element elementor-element-3964efe9 elementor-widget elementor-widget-text-editor\" data-id=\"3964efe9\" data-element_type=\"widget\" data-widget_type=\"text-editor.default\">\n\t\t\t\t<div class=\"elementor-widget-container\">\n\t\t\t\t\t<div class=\"elementor-text-editor elementor-clearfix\"><p>Es un relevamiento estad\u00edstico\u00a0exhaustivo que se realiza sobre el conjunto completo de unidades econ\u00f3micas que pertenecen a una poblaci\u00f3n o un universo determinados. Adem\u00e1s, compila, analiza y eval\u00faa la estructura y evoluci\u00f3n econ\u00f3mica del pa\u00eds, permite repensar el sistema integrado por los agentes econ\u00f3micos y, seg\u00fan recomendaciones internacionales, resulta indispensable para el desarrollo del pa\u00eds.<\/p><\/div>\n\t\t\t\t<\/div>\n\t\t\t\t<\/div>\n\t\t\t\t<div class=\"elementor-element elementor-element-7f01f55 elementor-widget elementor-widget-heading\" data-id=\"7f01f55\" data-element_type=\"widget\" data-widget_type=\"heading.default\">\n\t\t\t\t<div class=\"elementor-widget-container\">\n\t\t\t<h2 class=\"elementor-heading-title elementor-size-default\">Objetivo del CNE <\/h2>\t\t<\/div>\n\t\t\t\t<\/div>\n\t\t\t\t<div class=\"elementor-element elementor-element-4c4c102 elementor-widget elementor-widget-text-editor\" data-id=\"4c4c102\" data-element_type=\"widget\" data-widget_type=\"text-editor.default\">\n\t\t\t\t<div class=\"elementor-widget-container\">\n\t\t\t\t\t<div class=\"elementor-text-editor elementor-clearfix\"><p>Mediante el censo econ\u00f3mico se realizan los relevamientos b\u00e1sicos que permiten conocer la estructura econ\u00f3mica del pa\u00eds, tanto por sector institucional como por sector funcional.\u00a0<\/p><p>El CNE alcanzar\u00e1 a todos los agentes econ\u00f3micos registrados productores de bienes y servicios, es decir a empresas, instituciones sin fines de lucro, y personas que realizan actividades productivas (monotributistas y aut\u00f3nomos).<\/p><p>Al mismo tiempo, sentar\u00e1 las bases actualizadas para la constituci\u00f3n de un sistema integrado de estad\u00edsticas econ\u00f3micas.<\/p><\/div>\n\t\t\t\t<\/div>\n\t\t\t\t<\/div>\n\t\t\t\t<div class=\"elementor-element elementor-element-994f1fc elementor-widget elementor-widget-heading\" data-id=\"994f1fc\" data-element_type=\"widget\" data-widget_type=\"heading.default\">\n\t\t\t\t<div class=\"elementor-widget-container\">\n\t\t\t<h2 class=\"elementor-heading-title elementor-size-default\">Para qu\u00e9 sirven los resultados<\/h2>\t\t<\/div>\n\t\t\t\t<\/div>\n\t\t\t\t<div class=\"elementor-element elementor-element-ba60fd3 elementor-widget elementor-widget-text-editor\" data-id=\"ba60fd3\" data-element_type=\"widget\" data-widget_type=\"text-editor.default\">\n\t\t\t\t<div class=\"elementor-widget-container\">\n\t\t\t\t\t<div class=\"elementor-text-editor elementor-clearfix\"><p>A partir de los resultados del CNE se podr\u00e1:<\/p><ul><li>Definir la actividad econ\u00f3mica estad\u00edstica de las empresas, instituciones sin fines de lucro, profesionales y emprendedores para confeccionar un registro estad\u00edstico de unidades econ\u00f3micas (REUE), que se actualizar\u00e1 de forma peri\u00f3dica con registros administrativos.<\/li><li>Proveer una descripci\u00f3n de las empresas del pa\u00eds, las actividades que realizan y el empleo que generan, lo que significa m\u00e1s y mejor informaci\u00f3n para la toma de decisiones productivas de localizaci\u00f3n, inversi\u00f3n y empleo.<\/li><li>Elaborar estudios comparativos con censos anteriores, que permiten apreciar cambios en la participaci\u00f3n de cada rama de actividad, en la producci\u00f3n y en la generaci\u00f3n de empleo en cada una de las jurisdicciones del pa\u00eds.\u00a0<\/li><li>Facilitar la realizaci\u00f3n de comparaciones entre la empresa propia y el total de la rama de actividad o zona geogr\u00e1fica en la que est\u00e1 ubicada.<\/li><li>Dise\u00f1ar pol\u00edticas p\u00fablicas productivas, sectoriales y ocupacionales.<\/li><li>Conformar el marco de muestreo para las encuestas que enriquecer\u00e1n al REUE y el Sistema de Cuentas Nacionales en temas tales como, por ejemplo, la estimaci\u00f3n del producto interno bruto (PIB).<\/li><\/ul><\/div>\n\t\t\t\t<\/div>\n\t\t\t\t<\/div>\n\t\t\t\t<div class=\"elementor-element elementor-element-7e54f3f elementor-widget elementor-widget-heading\" data-id=\"7e54f3f\" data-element_type=\"widget\" data-widget_type=\"heading.default\">\n\t\t\t\t<div class=\"elementor-widget-container\">\n\t\t\t<h2 class=\"elementor-heading-title elementor-size-default\">Cada cu\u00e1nto se hace <\/h2>\t\t<\/div>\n\t\t\t\t<\/div>\n\t\t\t\t<div class=\"elementor-element elementor-element-5842790 elementor-widget elementor-widget-text-editor\" data-id=\"5842790\" data-element_type=\"widget\" data-widget_type=\"text-editor.default\">\n\t\t\t\t<div class=\"elementor-widget-container\">\n\t\t\t\t\t<div class=\"elementor-text-editor elementor-clearfix\"><p>En diversos pa\u00edses, el censo econ\u00f3mico se realiza normalmente cada cinco o diez a\u00f1os, con el respaldo cada vez m\u00e1s creciente de la tecnolog\u00eda digital, el uso de informaci\u00f3n sistematizada y la interconexi\u00f3n con otros organismos.<\/p><p>En la Rep\u00fablica Argentina, los censos econ\u00f3micos se realizan desde hace m\u00e1s de 120 a\u00f1os. El primero de ellos fue en 1895 y a partir de 1954 tuvieron una periodicidad de diez a\u00f1os hasta 2005, cuando se realiz\u00f3 el \u00faltimo CNE. Despu\u00e9s de una pausa de 15 a\u00f1os, la realizaci\u00f3n del Censo Econ\u00f3mico 2020\/2021 permitir\u00e1 obtener datos e informaci\u00f3n de la estructura productiva del pa\u00eds.<\/p><\/div>\n\t\t\t\t<\/div>\n\t\t\t\t<\/div>\n\t\t\t\t<div class=\"elementor-element elementor-element-eaf8264 elementor-widget elementor-widget-heading\" data-id=\"eaf8264\" data-element_type=\"widget\" data-widget_type=\"heading.default\">\n\t\t\t\t<div class=\"elementor-widget-container\">\n\t\t\t<h2 class=\"elementor-heading-title elementor-size-default\">Novedades del CNE 2020\/2021 <\/h2>\t\t<\/div>\n\t\t\t\t<\/div>\n\t\t\t\t<div class=\"elementor-element elementor-element-e4c9fb6 elementor-widget elementor-widget-text-editor\" data-id=\"e4c9fb6\" data-element_type=\"widget\" data-widget_type=\"text-editor.default\">\n\t\t\t\t<div class=\"elementor-widget-container\">\n\t\t\t\t\t<div class=\"elementor-text-editor elementor-clearfix\"><p>Las innovaciones tecnol\u00f3gicas y su uso generalizado por parte de la poblaci\u00f3n hacen que el CNE pueda ser f\u00e1cilmente completado en forma digital a trav\u00e9s de una aplicaci\u00f3n desarrollada por el Instituto Nacional de Estad\u00edstica y Censos (INDEC).\u00a0<\/p><p>Con la nueva aplicaci\u00f3n, que contiene un cuestionario en l\u00ednea, se podr\u00e1 obtener informaci\u00f3n que permita mejorar la identificaci\u00f3n y clasificaci\u00f3n estad\u00edstica de las unidades econ\u00f3micas de acuerdo a las pautas metodol\u00f3gicas del INDEC.<\/p><p>Por primera vez, el CNE permitir\u00e1 identificar no solo aquellos agentes econ\u00f3micos multilocalizados o que realicen m\u00e1s de una actividad productiva, sino tambi\u00e9n a todos los monotributistas y aut\u00f3nomos del pa\u00eds.<\/p><\/div>\n\t\t\t\t<\/div>\n\t\t\t\t<\/div>\n\t\t\t\t<div class=\"elementor-element elementor-element-6f989bb elementor-widget elementor-widget-heading\" data-id=\"6f989bb\" data-element_type=\"widget\" data-widget_type=\"heading.default\">\n\t\t\t\t<div class=\"elementor-widget-container\">\n\t\t\t<h2 class=\"elementor-heading-title elementor-size-default\">Qu\u00e9 informaci\u00f3n proporcionar\u00e1 <\/h2>\t\t<\/div>\n\t\t\t\t<\/div>\n\t\t\t\t<div class=\"elementor-element elementor-element-566217c elementor-widget elementor-widget-text-editor\" data-id=\"566217c\" data-element_type=\"widget\" data-widget_type=\"text-editor.default\">\n\t\t\t\t<div class=\"elementor-widget-container\">\n\t\t\t\t\t<div class=\"elementor-text-editor elementor-clearfix\"><p>Con el CNE se podr\u00e1 obtener informaci\u00f3n de producci\u00f3n e insumos agregados por actividad y desagregados por producto, canales y m\u00e1rgenes de distribuci\u00f3n (transporte y comercio), impuestos y subvenciones, remuneraci\u00f3n a los asalariados, ingresos y egresos de la propiedad, impuestos a los ingresos, riqueza, otras transferencias corrientes y de capital, formaci\u00f3n bruta de capital, flujos financieros y datos de los estados contables, como as\u00ed tambi\u00e9n otra informaci\u00f3n proveniente de diversas encuestas y estudios espec\u00edficos.<\/p><p>Adem\u00e1s, en el CNE 2020\/2021 se responder\u00e1n preguntas como las siguientes:<\/p><\/div>\n\t\t\t\t<\/div>\n\t\t\t\t<\/div>\n\t\t\t\t<div class=\"elementor-element elementor-element-79155f1 elementor-widget elementor-widget-text-editor\" data-id=\"79155f1\" data-element_type=\"widget\" data-widget_type=\"text-editor.default\">\n\t\t\t\t<div class=\"elementor-widget-container\">\n\t\t\t\t\t<div class=\"elementor-text-editor elementor-clearfix\"><p><\/p>\n<ul>\n<li>\u00bfCu\u00e1ntas empresas hay en la Argentina? \u00bfCu\u00e1l es su edad promedio?<\/li>\n<li>\u00bfCu\u00e1ntas sociedades an\u00f3nimas (SA), sociedades de responsabilidad limitada (SRL) y sociedades de hecho (SH) hay en nuestro pa\u00eds? \u00bfQu\u00e9 tama\u00f1o tienen? \u00bfCu\u00e1les son las m\u00e1s j\u00f3venes?<\/li>\n<li>\u00bfCu\u00e1ntas cooperativas hay en el pa\u00eds?<\/li>\n<li>\u00bfEn qu\u00e9 provincias hay m\u00e1s empresas j\u00f3venes?<\/li>\n<li>\u00bfCu\u00e1ntas empresas multilocalizadas hay?<\/li>\n<li>\u00bfCu\u00e1ntas empresas tienen presencia en todas las provincias?<\/li>\n<li>\u00bfCu\u00e1ntos empleados en promedio tiene una empresa en el pa\u00eds? \u00bfY en cada provincia?<\/li>\n<li>\u00bfHay alguna relaci\u00f3n entre tama\u00f1o y edad de las empresas?<\/li>\n<li>\u00bfCu\u00e1ntos monotributistas est\u00e1n inscriptos en el pa\u00eds y en cada provincia? \u00bfA qu\u00e9 se dedican? \u00bfTienen personal empleado? \u00bfCu\u00e1nto?<\/li>\n<li>\u00bfCu\u00e1ntos aut\u00f3nomos hay en la Argentina? \u00bfY a nivel provincial? \u00bfCu\u00e1l es su actividad econ\u00f3mica principal?<\/li>\n<li>\u00bfCu\u00e1ntas empresas realizan actividades de investigaci\u00f3n y desarrollo? \u00bfEn d\u00f3nde est\u00e1n radicadas? \u00bfCu\u00e1ntos empleados tienen?<\/li>\n<li>\u00bfCu\u00e1ntas empresas producen bienes de capital para uso propio? \u00bfY en d\u00f3nde est\u00e1n ubicadas?<\/li>\n<\/ul><\/div>\n\t\t\t\t<\/div>\n\t\t\t\t<\/div>\n\t\t\t\t<div class=\"elementor-element elementor-element-deebe98 elementor-widget elementor-widget-spacer\" data-id=\"deebe98\" data-element_type=\"widget\" data-widget_type=\"spacer.default\">\n\t\t\t\t<div class=\"elementor-widget-container\">\n\t\t\t\t\t<div class=\"elementor-spacer\">\n\t\t\t<div class=\"elementor-spacer-inner\"><\/div>\n\t\t<\/div>\n\t\t\t\t<\/div>\n\t\t\t\t<\/div>\n\t\t\t\t\t\t<\/div>\n\t\t\t\t\t<\/div>\n\t\t<\/div>\n\t\t\t\t\t\t\t\t<\/div>\n\t\t\t\t\t<\/div>\n\t\t<\/section>\n\t\t\t\t<section class=\"elementor-section elementor-top-section elementor-element elementor-element-5a11bd2 elementor-section-boxed elementor-section-height-default elementor-section-height-default\" data-id=\"5a11bd2\" data-element_type=\"section\">\n\t\t\t\t\t\t<div class=\"elementor-container elementor-column-gap-default\">\n\t\t\t\t\t\t\t<div class=\"elementor-row\">\n\t\t\t\t\t<div class=\"elementor-column elementor-col-100 elementor-top-column elementor-element elementor-element-8ca2df3\" data-id=\"8ca2df3\" data-element_type=\"column\">\n\t\t\t<div class=\"elementor-column-wrap\">\n\t\t\t\t\t\t\t<div class=\"elementor-widget-wrap\">\n\t\t\t\t\t\t\t\t<\/div>\n\t\t\t\t\t<\/div>\n\t\t<\/div>\n\t\t\t\t\t\t\t\t<\/div>\n\t\t\t\t\t<\/div>\n\t\t<\/section>\n\t\t\t\t\t\t<\/div>\n\t\t\t\t\t\t<\/div>\n\t\t\t\t\t<\/div>\n\t\t","protected":false},"excerpt":{"rendered":"<p>Datos clave del CNE. Un censo econ\u00f3mico es un relevamiento estad\u00edstico exhaustivo que se realiza sobre el conjunto completo de unidades econ\u00f3micas que pertenecen a una poblaci\u00f3n o un universo determinados. Adem\u00e1s, compila, analiza y eval\u00faa la estructura y evoluci\u00f3n econ\u00f3mica del pa\u00eds, permite repensar el sistema integrado por los agentes econ\u00f3micos y, seg\u00fan recomendaciones internacionales, resulta indispensable para el desarrollo del pa\u00eds.<\/p>\n","protected":false},"author":7,"featured_media":2366,"parent":0,"menu_order":0,"comment_status":"closed","ping_status":"closed","template":"elementor_header_footer","meta":[],"yoast_head":"<!-- This site is optimized with the Yoast SEO plugin v15.5 - https:\/\/yoast.com\/wordpress\/plugins\/seo\/ -->\n<title>Datos clave - CNE<\/title>\n<meta name=\"robots\" content=\"index, follow, max-snippet:-1, max-image-preview:large, max-video-preview:-1\" \/>\n<link rel=\"canonical\" href=\"https:\/\/censoeconomico.indec.gob.ar\/index.php\/datos-clave\/\" \/>\n<meta property=\"og:locale\" content=\"es_ES\" \/>\n<meta property=\"og:type\" content=\"article\" \/>\n<meta property=\"og:title\" content=\"Datos clave - CNE\" \/>\n<meta property=\"og:description\" content=\"Datos clave del CNE. Un censo econ\u00f3mico es un relevamiento estad\u00edstico exhaustivo que se realiza sobre el conjunto completo de unidades econ\u00f3micas que pertenecen a una poblaci\u00f3n o un universo determinados. Adem\u00e1s, compila, analiza y eval\u00faa la estructura y evoluci\u00f3n econ\u00f3mica del pa\u00eds, permite repensar el sistema integrado por los agentes econ\u00f3micos y, seg\u00fan recomendaciones internacionales, resulta indispensable para el desarrollo del pa\u00eds.\" \/>\n<meta property=\"og:url\" content=\"https:\/\/censoeconomico.indec.gob.ar\/index.php\/datos-clave\/\" \/>\n<meta property=\"og:site_name\" content=\"CNE\" \/>\n<meta property=\"article:modified_time\" content=\"2022-10-26T16:32:35+00:00\" \/>\n<meta property=\"og:image\" content=\"https:\/\/censoeconomico.indec.gob.ar\/wp-content\/uploads\/2020\/11\/CNE2020-2021-importancia.jpg\" \/>\n\t<meta property=\"og:image:width\" content=\"1600\" \/>\n\t<meta property=\"og:image:height\" content=\"914\" \/>\n<meta name=\"twitter:card\" content=\"summary_large_image\" \/>\n<meta name=\"twitter:image\" content=\"https:\/\/censoeconomico.indec.gob.ar\/wp-content\/uploads\/2020\/11\/CNE2020-2021-importancia.jpg\" \/>\n<meta name=\"twitter:label1\" content=\"Est. reading time\">\n\t<meta name=\"twitter:data1\" content=\"4 minutos\">\n<script type=\"application\/ld+json\" class=\"yoast-schema-graph\">{\"@context\":\"https:\/\/schema.org\",\"@graph\":[{\"@type\":\"WebSite\",\"@id\":\"https:\/\/censoeconomico.indec.gob.ar\/#website\",\"url\":\"https:\/\/censoeconomico.indec.gob.ar\/\",\"name\":\"CNE\",\"description\":\"Censo Nacional Econ\\u00f3mico\",\"potentialAction\":[{\"@type\":\"SearchAction\",\"target\":\"https:\/\/censoeconomico.indec.gob.ar\/?s={search_term_string}\",\"query-input\":\"required name=search_term_string\"}],\"inLanguage\":\"es-AR\"},{\"@type\":\"ImageObject\",\"@id\":\"https:\/\/censoeconomico.indec.gob.ar\/index.php\/datos-clave\/#primaryimage\",\"inLanguage\":\"es-AR\",\"url\":\"https:\/\/censoeconomico.indec.gob.ar\/wp-content\/uploads\/2020\/11\/CNE2020-2021-importancia.jpg\",\"width\":1600,\"height\":914,\"caption\":\"Importancia de los censos econ\\u00f3micos\"},{\"@type\":\"WebPage\",\"@id\":\"https:\/\/censoeconomico.indec.gob.ar\/index.php\/datos-clave\/#webpage\",\"url\":\"https:\/\/censoeconomico.indec.gob.ar\/index.php\/datos-clave\/\",\"name\":\"Datos clave - CNE\",\"isPartOf\":{\"@id\":\"https:\/\/censoeconomico.indec.gob.ar\/#website\"},\"primaryImageOfPage\":{\"@id\":\"https:\/\/censoeconomico.indec.gob.ar\/index.php\/datos-clave\/#primaryimage\"},\"datePublished\":\"2020-07-08T17:36:15+00:00\",\"dateModified\":\"2022-10-26T16:32:35+00:00\",\"inLanguage\":\"es-AR\",\"potentialAction\":[{\"@type\":\"ReadAction\",\"target\":[\"https:\/\/censoeconomico.indec.gob.ar\/index.php\/datos-clave\/\"]}]}]}<\/script>\n<!-- \/ Yoast SEO plugin. -->","_links":{"self":[{"href":"https:\/\/censoeconomico.indec.gob.ar\/index.php\/wp-json\/wp\/v2\/pages\/87"}],"collection":[{"href":"https:\/\/censoeconomico.indec.gob.ar\/index.php\/wp-json\/wp\/v2\/pages"}],"about":[{"href":"https:\/\/censoeconomico.indec.gob.ar\/index.php\/wp-json\/wp\/v2\/types\/page"}],"author":[{"embeddable":true,"href":"https:\/\/censoeconomico.indec.gob.ar\/index.php\/wp-json\/wp\/v2\/users\/7"}],"replies":[{"embeddable":true,"href":"https:\/\/censoeconomico.indec.gob.ar\/index.php\/wp-json\/wp\/v2\/comments?post=87"}],"version-history":[{"count":49,"href":"https:\/\/censoeconomico.indec.gob.ar\/index.php\/wp-json\/wp\/v2\/pages\/87\/revisions"}],"predecessor-version":[{"id":3684,"href":"https:\/\/censoeconomico.indec.gob.ar\/index.php\/wp-json\/wp\/v2\/pages\/87\/revisions\/3684"}],"wp:featuredmedia":[{"embeddable":true,"href":"https:\/\/censoeconomico.indec.gob.ar\/index.php\/wp-json\/wp\/v2\/media\/2366"}],"wp:attachment":[{"href":"https:\/\/censoeconomico.indec.gob.ar\/index.php\/wp-json\/wp\/v2\/media?parent=87"}],"curies":[{"name":"wp","href":"https:\/\/api.w.org\/{rel}","templated":true}]}}