{"id":238,"date":"2020-07-24T09:40:56","date_gmt":"2020-07-24T12:40:56","guid":{"rendered":"https:\/\/censoeconomico.indec.gob.ar\/?page_id=238"},"modified":"2021-10-01T16:09:07","modified_gmt":"2021-10-01T19:09:07","slug":"contacto","status":"publish","type":"page","link":"https:\/\/censoeconomico.indec.gob.ar\/index.php\/contacto\/","title":{"rendered":"Contacto"},"content":{"rendered":"\t\t<div data-elementor-type=\"wp-page\" data-elementor-id=\"238\" class=\"elementor elementor-238\" data-elementor-settings=\"[]\">\n\t\t\t\t\t\t<div class=\"elementor-inner\">\n\t\t\t\t\t\t\t<div class=\"elementor-section-wrap\">\n\t\t\t\t\t\t\t<section class=\"elementor-section elementor-top-section elementor-element elementor-element-475ac7b elementor-section-stretched elementor-section-boxed elementor-section-height-default elementor-section-height-default\" data-id=\"475ac7b\" data-element_type=\"section\" id=\"contactenos\" data-settings=\"{&quot;stretch_section&quot;:&quot;section-stretched&quot;,&quot;background_background&quot;:&quot;classic&quot;}\">\n\t\t\t\t\t\t<div class=\"elementor-container elementor-column-gap-default\">\n\t\t\t\t\t\t\t<div class=\"elementor-row\">\n\t\t\t\t\t<div class=\"elementor-column elementor-col-100 elementor-top-column elementor-element elementor-element-453c25a\" data-id=\"453c25a\" data-element_type=\"column\" data-settings=\"{&quot;background_background&quot;:&quot;classic&quot;}\">\n\t\t\t<div class=\"elementor-column-wrap elementor-element-populated\">\n\t\t\t\t\t\t\t<div class=\"elementor-widget-wrap\">\n\t\t\t\t\t\t<div class=\"elementor-element elementor-element-1255be2 elementor-widget elementor-widget-heading\" data-id=\"1255be2\" data-element_type=\"widget\" data-widget_type=\"heading.default\">\n\t\t\t\t<div class=\"elementor-widget-container\">\n\t\t\t<h1 class=\"elementor-heading-title elementor-size-default\">Contactanos<\/h1>\t\t<\/div>\n\t\t\t\t<\/div>\n\t\t\t\t<div class=\"elementor-element elementor-element-f0a4d53 elementor-widget elementor-widget-text-editor\" data-id=\"f0a4d53\" data-element_type=\"widget\" data-widget_type=\"text-editor.default\">\n\t\t\t\t<div class=\"elementor-widget-container\">\n\t\t\t\t\t<div class=\"elementor-text-editor elementor-clearfix\"><p>Para conocer m\u00e1s acerca del Censo Nacional Econ\u00f3mico, aclarar sus dudas o realizar consultas de informaci\u00f3n, puede comunicarse con nosotros por distintos canales o escribirnos desde nuestro <a href=\"#form\">formulario de consulta<\/a><\/p><\/div>\n\t\t\t\t<\/div>\n\t\t\t\t<\/div>\n\t\t\t\t<div class=\"elementor-element elementor-element-f20c10b elementor-widget elementor-widget-heading\" data-id=\"f20c10b\" data-element_type=\"widget\" data-widget_type=\"heading.default\">\n\t\t\t\t<div class=\"elementor-widget-container\">\n\t\t\t<h1 class=\"elementor-heading-title elementor-size-default\"><strong>Consultas sobre el Censo Nacional Econ\u00f3mico <\/strong><\/h1>\t\t<\/div>\n\t\t\t\t<\/div>\n\t\t\t\t<div class=\"elementor-element elementor-element-470ab45 elementor-widget elementor-widget-text-editor\" data-id=\"470ab45\" data-element_type=\"widget\" data-widget_type=\"text-editor.default\">\n\t\t\t\t<div class=\"elementor-widget-container\">\n\t\t\t\t\t<div class=\"elementor-text-editor elementor-clearfix\"><p><span style=\"background-color: rgba(255, 255, 255, 0);\">(54-11) 5031-4632<\/span><\/p><p><b style=\"font-size: 20px;\">Horario<\/b><span style=\"background-color: rgba(255, 255, 255, 0); font-size: 20px;\">: lunes a viernes de 8:00 a 16:00 hs.<\/span><br><\/p><\/div>\n\t\t\t\t<\/div>\n\t\t\t\t<\/div>\n\t\t\t\t<div class=\"elementor-element elementor-element-2aa0263 elementor-widget elementor-widget-heading\" data-id=\"2aa0263\" data-element_type=\"widget\" data-widget_type=\"heading.default\">\n\t\t\t\t<div class=\"elementor-widget-container\">\n\t\t\t<h1 class=\"elementor-heading-title elementor-size-default\"><strong>Preguntas frecuentes<\/strong><\/h1>\t\t<\/div>\n\t\t\t\t<\/div>\n\t\t\t\t<div class=\"elementor-element elementor-element-3b2b7f5 elementor-widget elementor-widget-text-editor\" data-id=\"3b2b7f5\" data-element_type=\"widget\" data-widget_type=\"text-editor.default\">\n\t\t\t\t<div class=\"elementor-widget-container\">\n\t\t\t\t\t<div class=\"elementor-text-editor elementor-clearfix\"><p>Para saber m\u00e1s sobre el Censo Nacional Econ\u00f3mico, consulte las<br \/><a href=\"https:\/\/censoeconomico.indec.gob.ar\/index.php\/preguntas-frecuentes\/\">preguntas frecuentes<\/a><\/p><\/div>\n\t\t\t\t<\/div>\n\t\t\t\t<\/div>\n\t\t\t\t<section class=\"elementor-section elementor-inner-section elementor-element elementor-element-eac626e elementor-section-boxed elementor-section-height-default elementor-section-height-default\" data-id=\"eac626e\" data-element_type=\"section\" id=\"form\">\n\t\t\t\t\t\t<div class=\"elementor-container elementor-column-gap-default\">\n\t\t\t\t\t\t\t<div class=\"elementor-row\">\n\t\t\t\t\t<div class=\"elementor-column elementor-col-100 elementor-inner-column elementor-element elementor-element-ec87480\" data-id=\"ec87480\" data-element_type=\"column\">\n\t\t\t<div class=\"elementor-column-wrap elementor-element-populated\">\n\t\t\t\t\t\t\t<div class=\"elementor-widget-wrap\">\n\t\t\t\t\t\t<div class=\"elementor-element elementor-element-9f63ece elementor-widget elementor-widget-heading\" data-id=\"9f63ece\" data-element_type=\"widget\" data-widget_type=\"heading.default\">\n\t\t\t\t<div class=\"elementor-widget-container\">\n\t\t\t<h1 class=\"elementor-heading-title elementor-size-default\">Formulario de consulta<\/h1>\t\t<\/div>\n\t\t\t\t<\/div>\n\t\t\t\t<div class=\"elementor-element elementor-element-d29e539 elementor-widget elementor-widget-text-editor\" data-id=\"d29e539\" data-element_type=\"widget\" data-widget_type=\"text-editor.default\">\n\t\t\t\t<div class=\"elementor-widget-container\">\n\t\t\t\t\t<div class=\"elementor-text-editor elementor-clearfix\"><p>*\u00a0 \u00a0 Campos obligatorios<\/p><\/div>\n\t\t\t\t<\/div>\n\t\t\t\t<\/div>\n\t\t\t\t<div class=\"elementor-element elementor-element-acf85a5 elementor-button-align-center elementor-widget elementor-widget-form\" data-id=\"acf85a5\" data-element_type=\"widget\" data-settings=\"{&quot;step_next_label&quot;:&quot;Next&quot;,&quot;step_previous_label&quot;:&quot;Previous&quot;,&quot;step_type&quot;:&quot;none&quot;,&quot;button_width&quot;:&quot;50&quot;,&quot;step_icon_shape&quot;:&quot;circle&quot;}\" data-widget_type=\"form.default\">\n\t\t\t\t<div class=\"elementor-widget-container\">\n\t\t\t\t\t<form class=\"elementor-form\" method=\"post\" name=\"miform\">\n\t\t\t<input type=\"hidden\" name=\"post_id\" value=\"238\"\/>\n\t\t\t<input type=\"hidden\" name=\"form_id\" value=\"acf85a5\"\/>\n\n\t\t\t\n\t\t\t<div class=\"elementor-form-fields-wrapper elementor-labels-above\">\n\t\t\t\t\t\t\t\t<div class=\"elementor-field-type-text elementor-field-group elementor-column elementor-field-group-name elementor-col-100 elementor-field-required\">\n\t\t\t\t\t<input size=\"1\" type=\"text\" name=\"form_fields[name]\" id=\"form-field-name\" class=\"elementor-field elementor-size-xs  elementor-field-textual\" placeholder=\"Nombre y apellido *\" required=\"required\" aria-required=\"true\">\t\t\t\t<\/div>\n\t\t\t\t\t\t\t\t<div class=\"elementor-field-type-email elementor-field-group elementor-column elementor-field-group-email elementor-col-100 elementor-field-required\">\n\t\t\t\t\t<input size=\"1\" type=\"email\" name=\"form_fields[email]\" id=\"form-field-email\" class=\"elementor-field elementor-size-xs  elementor-field-textual\" placeholder=\"Correo electr\u00f3nico *\" required=\"required\" aria-required=\"true\">\t\t\t\t<\/div>\n\t\t\t\t\t\t\t\t<div class=\"elementor-field-type-tel elementor-field-group elementor-column elementor-field-group-message elementor-col-100\">\n\t\t\t\t\t<input size=\"1\" type=\"tel\" name=\"form_fields[message]\" id=\"form-field-message\" class=\"elementor-field elementor-size-xs  elementor-field-textual\" placeholder=\"Tel\u00e9fono\" pattern=\"[0-9()#&amp;+*-=.]+\" title=\"Only numbers and phone characters (#, -, *, etc) are accepted.\">\t\t\t\t<\/div>\n\t\t\t\t\t\t\t\t<div class=\"elementor-field-type-select elementor-field-group elementor-column elementor-field-group-select elementor-col-100 elementor-field-required\">\n\t\t\t\t\t<label for=\"form-field-select\" class=\"elementor-field-label\">Tema de consulta *<\/label>\t\t<div class=\"elementor-field elementor-select-wrapper \">\n\t\t\t<select name=\"form_fields[select]\" id=\"form-field-select\" class=\"elementor-field-textual elementor-size-xs\" required=\"required\" aria-required=\"true\">\n\t\t\t\t<option value=\"\">Seleccione una opci\u00f3n...<\/option><option value=\"e-CNE\">e-CNE<\/option><option value=\"Preguntas del cuestionario en l\u00ednea\">Preguntas del cuestionario en l\u00ednea<\/option><option name=\"form_fields[select]\" id=\"form-field-select\" class=\"elementor-field-textual elementor-size-xs\" required=\"required\" aria-required=\"true\" value=\"Datos censales\">Datos censales<\/option><option value=\"Resultados del CNE\">Resultados del CNE<\/option><option value=\"Marco legal\">Marco legal<\/option><option value=\"Historia de los censos econ\u00f3micos\">Historia de los censos econ\u00f3micos<\/option><option value=\"Otros\">Otros<\/option>\t\t\t<\/select>\n\t\t<\/div>\n\t\t\t\t\t\t<\/div>\n\t\t\t\t\t\t\t\t<div class=\"elementor-field-type-textarea elementor-field-group elementor-column elementor-field-group-consulta elementor-col-100 elementor-field-required\">\n\t\t\t\t\t<textarea class=\"elementor-field-textual elementor-field  elementor-size-xs\" name=\"form_fields[consulta]\" id=\"form-field-consulta\" rows=\"6\" placeholder=\"Su consulta: *\" required=\"required\" aria-required=\"true\"><\/textarea>\t\t\t\t<\/div>\n\t\t\t\t\t\t\t\t<div class=\"elementor-field-type-html elementor-field-group elementor-column elementor-field-group-field_0854a0f elementor-col-50\">\n\t\t\t\t\t<div style=\"text-aling:center;width:50%; margin: 0 auto;\"\">\n<button style=\"background:#fff; border:3px solid #F38630; border-radius: 50px; color:#F38630; font-size:21px;padding: 0px 5px;width:100%;\" onclick=\"limpiarFormulario()\" type=\"button\" name=\"button\" id=\"boton-limpiar\">Limpiar<\/button>\n<\/div>\n<script>\n  function limpiarFormulario() {\n    document.getElementById('form-field-name').value=\"\";\n    document.getElementById('form-field-email').value=\"\";\n    document.getElementById('form-field-message').value=\"\";\n    document.getElementById('form-field-consulta').value=\"\";\n    var options = document.getElementById('form-field-select')\n      for (var i = 0, l = options.length; i < l; i++) {\n        options[i].selected = options[i].defaultSelected;\n}\n  }\n<\/script>\n\t\t\t\t<\/div>\n\t\t\t\t\t\t\t\t<div class=\"elementor-field-group elementor-column elementor-field-type-submit elementor-col-50 e-form__buttons\">\n\t\t\t\t\t<button type=\"submit\" class=\"elementor-button elementor-size-xs\">\n\t\t\t\t\t\t<span >\n\t\t\t\t\t\t\t\t\t\t\t\t\t\t\t<span class=\" elementor-button-icon\">\n\t\t\t\t\t\t\t\t\t\t\t\t\t\t\t\t\t\t\t\t\t\t\t\t\t\t<\/span>\n\t\t\t\t\t\t\t\t\t\t\t\t\t\t\t\t\t\t\t\t\t\t<span class=\"elementor-button-text\">Enviar<\/span>\n\t\t\t\t\t\t\t\t\t\t\t\t\t<\/span>\n\t\t\t\t\t<\/button>\n\t\t\t\t<\/div>\n\t\t\t<\/div>\n\t\t<\/form>\n\t\t\t\t<\/div>\n\t\t\t\t<\/div>\n\t\t\t\t\t\t<\/div>\n\t\t\t\t\t<\/div>\n\t\t<\/div>\n\t\t\t\t\t\t\t\t<\/div>\n\t\t\t\t\t<\/div>\n\t\t<\/section>\n\t\t\t\t<div class=\"elementor-element elementor-element-ea06ec3 elementor-widget elementor-widget-spacer\" data-id=\"ea06ec3\" data-element_type=\"widget\" data-widget_type=\"spacer.default\">\n\t\t\t\t<div class=\"elementor-widget-container\">\n\t\t\t\t\t<div class=\"elementor-spacer\">\n\t\t\t<div class=\"elementor-spacer-inner\"><\/div>\n\t\t<\/div>\n\t\t\t\t<\/div>\n\t\t\t\t<\/div>\n\t\t\t\t\t\t<\/div>\n\t\t\t\t\t<\/div>\n\t\t<\/div>\n\t\t\t\t\t\t\t\t<\/div>\n\t\t\t\t\t<\/div>\n\t\t<\/section>\n\t\t\t\t<section class=\"elementor-section elementor-top-section elementor-element elementor-element-bc62e1a elementor-section-boxed elementor-section-height-default elementor-section-height-default\" data-id=\"bc62e1a\" data-element_type=\"section\">\n\t\t\t\t\t\t<div class=\"elementor-container elementor-column-gap-default\">\n\t\t\t\t\t\t\t<div class=\"elementor-row\">\n\t\t\t\t\t<div class=\"elementor-column elementor-col-100 elementor-top-column elementor-element elementor-element-1d744cd\" data-id=\"1d744cd\" data-element_type=\"column\">\n\t\t\t<div class=\"elementor-column-wrap elementor-element-populated\">\n\t\t\t\t\t\t\t<div class=\"elementor-widget-wrap\">\n\t\t\t\t\t\t<div class=\"elementor-element elementor-element-63d4158 elementor-widget elementor-widget-html\" data-id=\"63d4158\" data-element_type=\"widget\" data-widget_type=\"html.default\">\n\t\t\t\t<div class=\"elementor-widget-container\">\n\t\t\t<script>\n    var d = document.getElementById('form-field-message');\n    d.title = \"Solo se aceptan n\u00fameros y caracteres telef\u00f3nicos (#, -, *, etc.).\"\n<\/script>\t\t<\/div>\n\t\t\t\t<\/div>\n\t\t\t\t\t\t<\/div>\n\t\t\t\t\t<\/div>\n\t\t<\/div>\n\t\t\t\t\t\t\t\t<\/div>\n\t\t\t\t\t<\/div>\n\t\t<\/section>\n\t\t\t\t\t\t<\/div>\n\t\t\t\t\t\t<\/div>\n\t\t\t\t\t<\/div>\n\t\t","protected":false},"excerpt":{"rendered":"<p>Para conocer m\u00e1s acerca del Censo Nacional Econ\u00f3mico, aclarar sus dudas o realizar consultas de informaci\u00f3n, puede comunicarse con nosotros por distintos canales o escribirnos desde nuestro formulario de consulta.<\/p>\n","protected":false},"author":2,"featured_media":1963,"parent":0,"menu_order":0,"comment_status":"closed","ping_status":"closed","template":"elementor_header_footer","meta":[],"yoast_head":"<!-- This site is optimized with the Yoast SEO plugin v15.5 - https:\/\/yoast.com\/wordpress\/plugins\/seo\/ -->\n<title>Contacto - CNE<\/title>\n<meta name=\"robots\" content=\"index, follow, max-snippet:-1, max-image-preview:large, max-video-preview:-1\" \/>\n<link rel=\"canonical\" href=\"https:\/\/censoeconomico.indec.gob.ar\/index.php\/contacto\/\" \/>\n<meta property=\"og:locale\" content=\"es_ES\" \/>\n<meta property=\"og:type\" content=\"article\" \/>\n<meta property=\"og:title\" content=\"Contacto - CNE\" \/>\n<meta property=\"og:description\" content=\"Para conocer m\u00e1s acerca del Censo Nacional Econ\u00f3mico, aclarar sus dudas o realizar consultas de informaci\u00f3n, puede comunicarse con nosotros por distintos canales o escribirnos desde nuestro formulario de consulta.\" \/>\n<meta property=\"og:url\" content=\"https:\/\/censoeconomico.indec.gob.ar\/index.php\/contacto\/\" \/>\n<meta property=\"og:site_name\" content=\"CNE\" \/>\n<meta property=\"article:modified_time\" content=\"2021-10-01T19:09:07+00:00\" \/>\n<meta property=\"og:image\" content=\"https:\/\/censoeconomico.indec.gob.ar\/wp-content\/uploads\/2020\/11\/foto_noticia_pocas_preguntas.jpg\" \/>\n\t<meta property=\"og:image:width\" content=\"852\" \/>\n\t<meta property=\"og:image:height\" content=\"568\" \/>\n<meta name=\"twitter:card\" content=\"summary_large_image\" \/>\n<meta name=\"twitter:image\" content=\"https:\/\/censoeconomico.indec.gob.ar\/wp-content\/uploads\/2020\/11\/foto_noticia_pocas_preguntas.jpg\" \/>\n<meta name=\"twitter:label1\" content=\"Est. reading time\">\n\t<meta name=\"twitter:data1\" content=\"0 minutos\">\n<script type=\"application\/ld+json\" class=\"yoast-schema-graph\">{\"@context\":\"https:\/\/schema.org\",\"@graph\":[{\"@type\":\"WebSite\",\"@id\":\"https:\/\/censoeconomico.indec.gob.ar\/#website\",\"url\":\"https:\/\/censoeconomico.indec.gob.ar\/\",\"name\":\"CNE\",\"description\":\"Censo Nacional Econ\\u00f3mico\",\"potentialAction\":[{\"@type\":\"SearchAction\",\"target\":\"https:\/\/censoeconomico.indec.gob.ar\/?s={search_term_string}\",\"query-input\":\"required name=search_term_string\"}],\"inLanguage\":\"es-AR\"},{\"@type\":\"ImageObject\",\"@id\":\"https:\/\/censoeconomico.indec.gob.ar\/index.php\/contacto\/#primaryimage\",\"inLanguage\":\"es-AR\",\"url\":\"https:\/\/censoeconomico.indec.gob.ar\/wp-content\/uploads\/2020\/11\/foto_noticia_pocas_preguntas.jpg\",\"width\":852,\"height\":568,\"caption\":\"Pocas preguntas, muchas respuestas\"},{\"@type\":\"WebPage\",\"@id\":\"https:\/\/censoeconomico.indec.gob.ar\/index.php\/contacto\/#webpage\",\"url\":\"https:\/\/censoeconomico.indec.gob.ar\/index.php\/contacto\/\",\"name\":\"Contacto - CNE\",\"isPartOf\":{\"@id\":\"https:\/\/censoeconomico.indec.gob.ar\/#website\"},\"primaryImageOfPage\":{\"@id\":\"https:\/\/censoeconomico.indec.gob.ar\/index.php\/contacto\/#primaryimage\"},\"datePublished\":\"2020-07-24T12:40:56+00:00\",\"dateModified\":\"2021-10-01T19:09:07+00:00\",\"inLanguage\":\"es-AR\",\"potentialAction\":[{\"@type\":\"ReadAction\",\"target\":[\"https:\/\/censoeconomico.indec.gob.ar\/index.php\/contacto\/\"]}]}]}<\/script>\n<!-- \/ Yoast SEO plugin. -->","_links":{"self":[{"href":"https:\/\/censoeconomico.indec.gob.ar\/index.php\/wp-json\/wp\/v2\/pages\/238"}],"collection":[{"href":"https:\/\/censoeconomico.indec.gob.ar\/index.php\/wp-json\/wp\/v2\/pages"}],"about":[{"href":"https:\/\/censoeconomico.indec.gob.ar\/index.php\/wp-json\/wp\/v2\/types\/page"}],"author":[{"embeddable":true,"href":"https:\/\/censoeconomico.indec.gob.ar\/index.php\/wp-json\/wp\/v2\/users\/2"}],"replies":[{"embeddable":true,"href":"https:\/\/censoeconomico.indec.gob.ar\/index.php\/wp-json\/wp\/v2\/comments?post=238"}],"version-history":[{"count":83,"href":"https:\/\/censoeconomico.indec.gob.ar\/index.php\/wp-json\/wp\/v2\/pages\/238\/revisions"}],"predecessor-version":[{"id":3667,"href":"https:\/\/censoeconomico.indec.gob.ar\/index.php\/wp-json\/wp\/v2\/pages\/238\/revisions\/3667"}],"wp:featuredmedia":[{"embeddable":true,"href":"https:\/\/censoeconomico.indec.gob.ar\/index.php\/wp-json\/wp\/v2\/media\/1963"}],"wp:attachment":[{"href":"https:\/\/censoeconomico.indec.gob.ar\/index.php\/wp-json\/wp\/v2\/media?parent=238"}],"curies":[{"name":"wp","href":"https:\/\/api.w.org\/{rel}","templated":true}]}}