{"id":229,"date":"2020-07-24T09:37:37","date_gmt":"2020-07-24T12:37:37","guid":{"rendered":"https:\/\/censoeconomico.indec.gob.ar\/?page_id=229"},"modified":"2021-01-08T19:35:37","modified_gmt":"2021-01-08T22:35:37","slug":"multimedia","status":"publish","type":"page","link":"https:\/\/censoeconomico.indec.gob.ar\/index.php\/multimedia\/","title":{"rendered":"Multimedia"},"content":{"rendered":"\t\t<div data-elementor-type=\"wp-page\" data-elementor-id=\"229\" class=\"elementor elementor-229\" data-elementor-settings=\"[]\">\n\t\t\t\t\t\t<div class=\"elementor-inner\">\n\t\t\t\t\t\t\t<div class=\"elementor-section-wrap\">\n\t\t\t\t\t\t\t<section class=\"elementor-section elementor-top-section elementor-element elementor-element-88cf762 elementor-section-boxed elementor-section-height-default elementor-section-height-default\" data-id=\"88cf762\" data-element_type=\"section\">\n\t\t\t\t\t\t<div class=\"elementor-container elementor-column-gap-default\">\n\t\t\t\t\t\t\t<div class=\"elementor-row\">\n\t\t\t\t\t<div class=\"elementor-column elementor-col-50 elementor-top-column elementor-element elementor-element-1180200\" data-id=\"1180200\" data-element_type=\"column\">\n\t\t\t<div class=\"elementor-column-wrap elementor-element-populated\">\n\t\t\t\t\t\t\t<div class=\"elementor-widget-wrap\">\n\t\t\t\t\t\t<section class=\"elementor-section elementor-inner-section elementor-element elementor-element-93e4102 elementor-section-height-min-height elementor-section-content-middle elementor-section-boxed elementor-section-height-default\" data-id=\"93e4102\" data-element_type=\"section\" data-settings=\"{&quot;background_background&quot;:&quot;classic&quot;}\">\n\t\t\t\t\t\t<div class=\"elementor-container elementor-column-gap-no\">\n\t\t\t\t\t\t\t<div class=\"elementor-row\">\n\t\t\t\t\t<div class=\"elementor-column elementor-col-100 elementor-inner-column elementor-element elementor-element-fd83bcd\" data-id=\"fd83bcd\" data-element_type=\"column\">\n\t\t\t<div class=\"elementor-column-wrap elementor-element-populated\">\n\t\t\t\t\t\t\t<div class=\"elementor-widget-wrap\">\n\t\t\t\t\t\t<div class=\"elementor-element elementor-element-a577599 elementor-widget elementor-widget-heading\" data-id=\"a577599\" data-element_type=\"widget\" data-widget_type=\"heading.default\">\n\t\t\t\t<div class=\"elementor-widget-container\">\n\t\t\t<h2 class=\"elementor-heading-title elementor-size-default\">Multimedia<\/h2>\t\t<\/div>\n\t\t\t\t<\/div>\n\t\t\t\t\t\t<\/div>\n\t\t\t\t\t<\/div>\n\t\t<\/div>\n\t\t\t\t\t\t\t\t<\/div>\n\t\t\t\t\t<\/div>\n\t\t<\/section>\n\t\t\t\t<div class=\"elementor-element elementor-element-f847d51 elementor-widget elementor-widget-heading\" data-id=\"f847d51\" data-element_type=\"widget\" data-widget_type=\"heading.default\">\n\t\t\t\t<div class=\"elementor-widget-container\">\n\t\t\t<h2 class=\"elementor-heading-title elementor-size-default\">Videos<\/h2>\t\t<\/div>\n\t\t\t\t<\/div>\n\t\t\t\t<div class=\"elementor-element elementor-element-5270b98 elementor-grid-2 elementor-grid-tablet-2 elementor-grid-mobile-1 elementor-posts--thumbnail-top elementor-widget elementor-widget-posts\" data-id=\"5270b98\" data-element_type=\"widget\" data-settings=\"{&quot;classic_columns&quot;:&quot;2&quot;,&quot;classic_columns_tablet&quot;:&quot;2&quot;,&quot;classic_columns_mobile&quot;:&quot;1&quot;,&quot;classic_row_gap&quot;:{&quot;unit&quot;:&quot;px&quot;,&quot;size&quot;:35,&quot;sizes&quot;:[]}}\" data-widget_type=\"posts.classic\">\n\t\t\t\t<div class=\"elementor-widget-container\">\n\t\t\t\t\t<div class=\"elementor-posts-container elementor-posts elementor-posts--skin-classic elementor-grid\">\n\t\t\t\t<article class=\"elementor-post elementor-grid-item post-3098 post type-post status-publish format-standard has-post-thumbnail hentry category-multimedia category-videos tag-e-cne entry has-media\">\n\t\t\t\t<a class=\"elementor-post__thumbnail__link\" href=\"https:\/\/censoeconomico.indec.gob.ar\/index.php\/2020\/12\/04\/como-completar-el-e-cne-para-monotributistas-y-autonomos\/\" >\n\t\t\t<div class=\"elementor-post__thumbnail\"><img width=\"300\" height=\"169\" src=\"https:\/\/censoeconomico.indec.gob.ar\/wp-content\/uploads\/2020\/12\/portada_tutorial_monotributistas_autonomos-300x169.png\" class=\"attachment-medium size-medium\" alt=\"video tutorial para monotributistas y aut\u00f3nomos\" loading=\"lazy\" srcset=\"https:\/\/censoeconomico.indec.gob.ar\/wp-content\/uploads\/2020\/12\/portada_tutorial_monotributistas_autonomos-300x169.png 300w, https:\/\/censoeconomico.indec.gob.ar\/wp-content\/uploads\/2020\/12\/portada_tutorial_monotributistas_autonomos-1024x576.png 1024w, https:\/\/censoeconomico.indec.gob.ar\/wp-content\/uploads\/2020\/12\/portada_tutorial_monotributistas_autonomos-768x432.png 768w, https:\/\/censoeconomico.indec.gob.ar\/wp-content\/uploads\/2020\/12\/portada_tutorial_monotributistas_autonomos-1536x864.png 1536w, https:\/\/censoeconomico.indec.gob.ar\/wp-content\/uploads\/2020\/12\/portada_tutorial_monotributistas_autonomos-2048x1152.png 2048w\" sizes=\"(max-width: 300px) 100vw, 300px\" \/><\/div>\n\t\t<\/a>\n\t\t\t\t<div class=\"elementor-post__text\">\n\t\t\t\t<h3 class=\"elementor-post__title\">\n\t\t\t<a href=\"https:\/\/censoeconomico.indec.gob.ar\/index.php\/2020\/12\/04\/como-completar-el-e-cne-para-monotributistas-y-autonomos\/\" >\n\t\t\t\tC\u00f3mo completar el e-CNE para monotributistas y aut\u00f3nomos\t\t\t<\/a>\n\t\t<\/h3>\n\t\t\t\t<\/div>\n\t\t\t\t<\/article>\n\t\t\t\t<article class=\"elementor-post elementor-grid-item post-2954 post type-post status-publish format-standard has-post-thumbnail hentry category-multimedia category-videos entry has-media\">\n\t\t\t\t<a class=\"elementor-post__thumbnail__link\" href=\"https:\/\/censoeconomico.indec.gob.ar\/index.php\/2020\/11\/27\/como-delegar-el-servicio-del-cne-para-que-un-representante-complete-el-cuestionario-digital-en-nombre-de-una-empresa-institucion-o-persona-humana\/\" >\n\t\t\t<div class=\"elementor-post__thumbnail\"><img width=\"300\" height=\"169\" src=\"https:\/\/censoeconomico.indec.gob.ar\/wp-content\/uploads\/2020\/11\/tutorial-delegacio\u0301n-aceptacio\u0301n-pj-300x169.jpg\" class=\"attachment-medium size-medium\" alt=\"\" loading=\"lazy\" srcset=\"https:\/\/censoeconomico.indec.gob.ar\/wp-content\/uploads\/2020\/11\/tutorial-delegacio\u0301n-aceptacio\u0301n-pj-300x169.jpg 300w, https:\/\/censoeconomico.indec.gob.ar\/wp-content\/uploads\/2020\/11\/tutorial-delegacio\u0301n-aceptacio\u0301n-pj-1024x576.jpg 1024w, https:\/\/censoeconomico.indec.gob.ar\/wp-content\/uploads\/2020\/11\/tutorial-delegacio\u0301n-aceptacio\u0301n-pj-768x432.jpg 768w, https:\/\/censoeconomico.indec.gob.ar\/wp-content\/uploads\/2020\/11\/tutorial-delegacio\u0301n-aceptacio\u0301n-pj-1536x863.jpg 1536w, https:\/\/censoeconomico.indec.gob.ar\/wp-content\/uploads\/2020\/11\/tutorial-delegacio\u0301n-aceptacio\u0301n-pj.jpg 1601w\" sizes=\"(max-width: 300px) 100vw, 300px\" \/><\/div>\n\t\t<\/a>\n\t\t\t\t<div class=\"elementor-post__text\">\n\t\t\t\t<h3 class=\"elementor-post__title\">\n\t\t\t<a href=\"https:\/\/censoeconomico.indec.gob.ar\/index.php\/2020\/11\/27\/como-delegar-el-servicio-del-cne-para-que-un-representante-complete-el-cuestionario-digital-en-nombre-de-una-empresa-institucion-o-persona-humana\/\" >\n\t\t\t\tC\u00f3mo delegar el servicio del CNE para que un representante complete el cuestionario digital en nombre de una empresa, instituci\u00f3n o persona humana\t\t\t<\/a>\n\t\t<\/h3>\n\t\t\t\t<\/div>\n\t\t\t\t<\/article>\n\t\t\t\t<\/div>\n\t\t\t\t<\/div>\n\t\t\t\t<\/div>\n\t\t\t\t<div class=\"elementor-element elementor-element-75f9ea3 elementor-align-right elementor-widget elementor-widget-button\" data-id=\"75f9ea3\" data-element_type=\"widget\" data-widget_type=\"button.default\">\n\t\t\t\t<div class=\"elementor-widget-container\">\n\t\t\t\t\t<div class=\"elementor-button-wrapper\">\n\t\t\t<a href=\"https:\/\/censoeconomico.indec.gob.ar\/index.php\/multimedia\/videos\/\" class=\"elementor-button-link elementor-button elementor-size-sm\" role=\"button\">\n\t\t\t\t\t\t<span class=\"elementor-button-content-wrapper\">\n\t\t\t\t\t\t<span class=\"elementor-button-text\">Ver todos<\/span>\n\t\t<\/span>\n\t\t\t\t\t<\/a>\n\t\t<\/div>\n\t\t\t\t<\/div>\n\t\t\t\t<\/div>\n\t\t\t\t<div class=\"elementor-element elementor-element-86db7a1 elementor-widget elementor-widget-heading\" data-id=\"86db7a1\" data-element_type=\"widget\" data-widget_type=\"heading.default\">\n\t\t\t\t<div class=\"elementor-widget-container\">\n\t\t\t<h2 class=\"elementor-heading-title elementor-size-default\">Fotos<\/h2>\t\t<\/div>\n\t\t\t\t<\/div>\n\t\t\t\t<section class=\"elementor-section elementor-inner-section elementor-element elementor-element-398a746 elementor-section-boxed elementor-section-height-default elementor-section-height-default\" data-id=\"398a746\" data-element_type=\"section\" data-settings=\"{&quot;background_background&quot;:&quot;classic&quot;}\">\n\t\t\t\t\t\t<div class=\"elementor-container elementor-column-gap-default\">\n\t\t\t\t\t\t\t<div class=\"elementor-row\">\n\t\t\t\t\t<div class=\"elementor-column elementor-col-100 elementor-inner-column elementor-element elementor-element-a3df057\" data-id=\"a3df057\" data-element_type=\"column\">\n\t\t\t<div class=\"elementor-column-wrap elementor-element-populated\">\n\t\t\t\t\t\t\t<div class=\"elementor-widget-wrap\">\n\t\t\t\t\t\t<div class=\"elementor-element elementor-element-ddbf9bc elementor-align-right elementor-widget elementor-widget-button\" data-id=\"ddbf9bc\" data-element_type=\"widget\" data-widget_type=\"button.default\">\n\t\t\t\t<div class=\"elementor-widget-container\">\n\t\t\t\t\t<div class=\"elementor-button-wrapper\">\n\t\t\t<a href=\"https:\/\/censoeconomico.indec.gob.ar\/index.php\/multimedia\/fotos\/\" class=\"elementor-button-link elementor-button elementor-size-sm\" role=\"button\">\n\t\t\t\t\t\t<span class=\"elementor-button-content-wrapper\">\n\t\t\t\t\t\t<span class=\"elementor-button-text\">Ver todas<\/span>\n\t\t<\/span>\n\t\t\t\t\t<\/a>\n\t\t<\/div>\n\t\t\t\t<\/div>\n\t\t\t\t<\/div>\n\t\t\t\t\t\t<\/div>\n\t\t\t\t\t<\/div>\n\t\t<\/div>\n\t\t\t\t\t\t\t\t<\/div>\n\t\t\t\t\t<\/div>\n\t\t<\/section>\n\t\t\t\t<div class=\"elementor-element elementor-element-1214535 elementor-widget elementor-widget-heading\" data-id=\"1214535\" data-element_type=\"widget\" data-widget_type=\"heading.default\">\n\t\t\t\t<div class=\"elementor-widget-container\">\n\t\t\t<h2 class=\"elementor-heading-title elementor-size-default\">Podcasts<\/h2>\t\t<\/div>\n\t\t\t\t<\/div>\n\t\t\t\t<div class=\"elementor-element elementor-element-d715cf9 elementor-grid-1 elementor-grid-tablet-2 elementor-grid-mobile-1 elementor-posts--thumbnail-top elementor-widget elementor-widget-posts\" data-id=\"d715cf9\" data-element_type=\"widget\" data-settings=\"{&quot;classic_columns&quot;:&quot;1&quot;,&quot;classic_columns_tablet&quot;:&quot;2&quot;,&quot;classic_columns_mobile&quot;:&quot;1&quot;,&quot;classic_row_gap&quot;:{&quot;unit&quot;:&quot;px&quot;,&quot;size&quot;:35,&quot;sizes&quot;:[]}}\" data-widget_type=\"posts.classic\">\n\t\t\t\t<div class=\"elementor-widget-container\">\n\t\t\t\t\t<div class=\"elementor-posts-container elementor-posts elementor-posts--skin-classic elementor-grid\">\n\t\t\t\t<article class=\"elementor-post elementor-grid-item post-2347 post type-post status-publish format-standard has-post-thumbnail hentry category-multimedia category-podcasts tag-e-cne entry has-media\">\n\t\t\t\t<a class=\"elementor-post__thumbnail__link\" href=\"https:\/\/censoeconomico.indec.gob.ar\/index.php\/2020\/11\/18\/todo-lo-que-tenes-que-saber-sobre-el-cne-2020-2021\/\" >\n\t\t\t<div class=\"elementor-post__thumbnail\"><img width=\"1024\" height=\"210\" src=\"https:\/\/censoeconomico.indec.gob.ar\/wp-content\/uploads\/2020\/11\/Captura-de-pantalla-2020-11-20-180507-1024x210.jpg\" class=\"attachment-large size-large\" alt=\"\" loading=\"lazy\" srcset=\"https:\/\/censoeconomico.indec.gob.ar\/wp-content\/uploads\/2020\/11\/Captura-de-pantalla-2020-11-20-180507-1024x210.jpg 1024w, https:\/\/censoeconomico.indec.gob.ar\/wp-content\/uploads\/2020\/11\/Captura-de-pantalla-2020-11-20-180507-300x62.jpg 300w, https:\/\/censoeconomico.indec.gob.ar\/wp-content\/uploads\/2020\/11\/Captura-de-pantalla-2020-11-20-180507-768x158.jpg 768w, https:\/\/censoeconomico.indec.gob.ar\/wp-content\/uploads\/2020\/11\/Captura-de-pantalla-2020-11-20-180507.jpg 1393w\" sizes=\"(max-width: 1024px) 100vw, 1024px\" \/><\/div>\n\t\t<\/a>\n\t\t\t\t<div class=\"elementor-post__text\">\n\t\t\t\t<h3 class=\"elementor-post__title\">\n\t\t\t<a href=\"https:\/\/censoeconomico.indec.gob.ar\/index.php\/2020\/11\/18\/todo-lo-que-tenes-que-saber-sobre-el-cne-2020-2021\/\" >\n\t\t\t\tTodo lo que ten\u00e9s que saber sobre el CNE 2020\/2021\t\t\t<\/a>\n\t\t<\/h3>\n\t\t\t\t<\/div>\n\t\t\t\t<\/article>\n\t\t\t\t<article class=\"elementor-post elementor-grid-item post-2247 post type-post status-publish format-standard has-post-thumbnail hentry category-multimedia category-podcasts tag-e-cne entry has-media\">\n\t\t\t\t<a class=\"elementor-post__thumbnail__link\" href=\"https:\/\/censoeconomico.indec.gob.ar\/index.php\/2020\/11\/18\/mision-secreto-estadistico\/\" >\n\t\t\t<div class=\"elementor-post__thumbnail\"><img width=\"1024\" height=\"207\" src=\"https:\/\/censoeconomico.indec.gob.ar\/wp-content\/uploads\/2020\/11\/Captura-de-pantalla-2020-11-19-091659-1024x207.jpg\" class=\"attachment-large size-large\" alt=\"\" loading=\"lazy\" srcset=\"https:\/\/censoeconomico.indec.gob.ar\/wp-content\/uploads\/2020\/11\/Captura-de-pantalla-2020-11-19-091659-1024x207.jpg 1024w, https:\/\/censoeconomico.indec.gob.ar\/wp-content\/uploads\/2020\/11\/Captura-de-pantalla-2020-11-19-091659-300x61.jpg 300w, https:\/\/censoeconomico.indec.gob.ar\/wp-content\/uploads\/2020\/11\/Captura-de-pantalla-2020-11-19-091659-768x156.jpg 768w, https:\/\/censoeconomico.indec.gob.ar\/wp-content\/uploads\/2020\/11\/Captura-de-pantalla-2020-11-19-091659.jpg 1392w\" sizes=\"(max-width: 1024px) 100vw, 1024px\" \/><\/div>\n\t\t<\/a>\n\t\t\t\t<div class=\"elementor-post__text\">\n\t\t\t\t<h3 class=\"elementor-post__title\">\n\t\t\t<a href=\"https:\/\/censoeconomico.indec.gob.ar\/index.php\/2020\/11\/18\/mision-secreto-estadistico\/\" >\n\t\t\t\tMisi\u00f3n secreto estad\u00edstico\t\t\t<\/a>\n\t\t<\/h3>\n\t\t\t\t<\/div>\n\t\t\t\t<\/article>\n\t\t\t\t<\/div>\n\t\t\t\t<\/div>\n\t\t\t\t<\/div>\n\t\t\t\t<div class=\"elementor-element elementor-element-737a030 elementor-align-right elementor-widget elementor-widget-button\" data-id=\"737a030\" data-element_type=\"widget\" data-widget_type=\"button.default\">\n\t\t\t\t<div class=\"elementor-widget-container\">\n\t\t\t\t\t<div class=\"elementor-button-wrapper\">\n\t\t\t<a href=\"https:\/\/censoeconomico.indec.gob.ar\/index.php\/multimedia\/podcasts-p\/\" class=\"elementor-button-link elementor-button elementor-size-sm\" role=\"button\">\n\t\t\t\t\t\t<span class=\"elementor-button-content-wrapper\">\n\t\t\t\t\t\t<span class=\"elementor-button-text\">Ver todos<\/span>\n\t\t<\/span>\n\t\t\t\t\t<\/a>\n\t\t<\/div>\n\t\t\t\t<\/div>\n\t\t\t\t<\/div>\n\t\t\t\t<div class=\"elementor-element elementor-element-cf372d0 elementor-widget elementor-widget-heading\" data-id=\"cf372d0\" data-element_type=\"widget\" data-widget_type=\"heading.default\">\n\t\t\t\t<div class=\"elementor-widget-container\">\n\t\t\t<h2 class=\"elementor-heading-title elementor-size-default\">Infograf\u00edas<\/h2>\t\t<\/div>\n\t\t\t\t<\/div>\n\t\t\t\t<div class=\"elementor-element elementor-element-2c9df40 elementor-grid-2 elementor-grid-tablet-2 elementor-grid-mobile-1 elementor-posts--thumbnail-top elementor-widget elementor-widget-posts\" data-id=\"2c9df40\" data-element_type=\"widget\" data-settings=\"{&quot;classic_columns&quot;:&quot;2&quot;,&quot;classic_columns_tablet&quot;:&quot;2&quot;,&quot;classic_columns_mobile&quot;:&quot;1&quot;,&quot;classic_row_gap&quot;:{&quot;unit&quot;:&quot;px&quot;,&quot;size&quot;:35,&quot;sizes&quot;:[]}}\" data-widget_type=\"posts.classic\">\n\t\t\t\t<div class=\"elementor-widget-container\">\n\t\t\t\t\t<div class=\"elementor-posts-container elementor-posts elementor-posts--skin-classic elementor-grid\">\n\t\t\t\t<article class=\"elementor-post elementor-grid-item post-1171 post type-post status-publish format-standard has-post-thumbnail hentry category-infografias category-multimedia entry has-media\">\n\t\t\t\t<a class=\"elementor-post__thumbnail__link\" href=\"https:\/\/censoeconomico.indec.gob.ar\/index.php\/2020\/10\/02\/informe-tecnico-de-grandes-empresas-2018\/\" >\n\t\t\t<div class=\"elementor-post__thumbnail\"><img width=\"300\" height=\"210\" src=\"https:\/\/censoeconomico.indec.gob.ar\/wp-content\/uploads\/2020\/10\/infografia_enge_01_20-300x210.jpg\" class=\"attachment-medium size-medium\" alt=\"\" loading=\"lazy\" srcset=\"https:\/\/censoeconomico.indec.gob.ar\/wp-content\/uploads\/2020\/10\/infografia_enge_01_20-300x210.jpg 300w, https:\/\/censoeconomico.indec.gob.ar\/wp-content\/uploads\/2020\/10\/infografia_enge_01_20.jpg 680w\" sizes=\"(max-width: 300px) 100vw, 300px\" \/><\/div>\n\t\t<\/a>\n\t\t\t\t<div class=\"elementor-post__text\">\n\t\t\t\t<h3 class=\"elementor-post__title\">\n\t\t\t<a href=\"https:\/\/censoeconomico.indec.gob.ar\/index.php\/2020\/10\/02\/informe-tecnico-de-grandes-empresas-2018\/\" >\n\t\t\t\tInforme t\u00e9cnico de Grandes Empresas 2018\t\t\t<\/a>\n\t\t<\/h3>\n\t\t\t\t<\/div>\n\t\t\t\t<\/article>\n\t\t\t\t<article class=\"elementor-post elementor-grid-item post-1157 post type-post status-publish format-standard has-post-thumbnail hentry category-infografias entry has-media\">\n\t\t\t\t<a class=\"elementor-post__thumbnail__link\" href=\"https:\/\/censoeconomico.indec.gob.ar\/index.php\/2020\/10\/02\/informe-tecnico-de-grandes-empresas-2017\/\" >\n\t\t\t<div class=\"elementor-post__thumbnail\"><img width=\"300\" height=\"169\" src=\"https:\/\/censoeconomico.indec.gob.ar\/wp-content\/uploads\/2020\/10\/infografia_enge_01_19-300x169.jpg\" class=\"attachment-medium size-medium\" alt=\"\" loading=\"lazy\" srcset=\"https:\/\/censoeconomico.indec.gob.ar\/wp-content\/uploads\/2020\/10\/infografia_enge_01_19-300x169.jpg 300w, https:\/\/censoeconomico.indec.gob.ar\/wp-content\/uploads\/2020\/10\/infografia_enge_01_19-768x433.jpg 768w, https:\/\/censoeconomico.indec.gob.ar\/wp-content\/uploads\/2020\/10\/infografia_enge_01_19.jpg 1024w\" sizes=\"(max-width: 300px) 100vw, 300px\" \/><\/div>\n\t\t<\/a>\n\t\t\t\t<div class=\"elementor-post__text\">\n\t\t\t\t<h3 class=\"elementor-post__title\">\n\t\t\t<a href=\"https:\/\/censoeconomico.indec.gob.ar\/index.php\/2020\/10\/02\/informe-tecnico-de-grandes-empresas-2017\/\" >\n\t\t\t\tInforme t\u00e9cnico de Grandes Empresas 2017\t\t\t<\/a>\n\t\t<\/h3>\n\t\t\t\t<\/div>\n\t\t\t\t<\/article>\n\t\t\t\t<\/div>\n\t\t\t\t<\/div>\n\t\t\t\t<\/div>\n\t\t\t\t<div class=\"elementor-element elementor-element-5698845 elementor-align-right elementor-widget elementor-widget-button\" data-id=\"5698845\" data-element_type=\"widget\" data-widget_type=\"button.default\">\n\t\t\t\t<div class=\"elementor-widget-container\">\n\t\t\t\t\t<div class=\"elementor-button-wrapper\">\n\t\t\t<a href=\"https:\/\/censoeconomico.indec.gob.ar\/index.php\/multimedia\/infografias\/\" class=\"elementor-button-link elementor-button elementor-size-sm\" role=\"button\">\n\t\t\t\t\t\t<span class=\"elementor-button-content-wrapper\">\n\t\t\t\t\t\t<span class=\"elementor-button-text\">Ver todas<\/span>\n\t\t<\/span>\n\t\t\t\t\t<\/a>\n\t\t<\/div>\n\t\t\t\t<\/div>\n\t\t\t\t<\/div>\n\t\t\t\t\t\t<\/div>\n\t\t\t\t\t<\/div>\n\t\t<\/div>\n\t\t\t\t<div class=\"elementor-column elementor-col-50 elementor-top-column elementor-element elementor-element-ba00d52 elementor-hidden-tablet elementor-hidden-phone\" data-id=\"ba00d52\" data-element_type=\"column\" data-settings=\"{&quot;background_background&quot;:&quot;classic&quot;}\">\n\t\t\t<div class=\"elementor-column-wrap elementor-element-populated\">\n\t\t\t\t\t\t\t<div class=\"elementor-widget-wrap\">\n\t\t\t\t\t\t<div class=\"elementor-element elementor-element-d8ff91a elementor-widget elementor-widget-sidebar\" data-id=\"d8ff91a\" data-element_type=\"widget\" data-widget_type=\"sidebar.default\">\n\t\t\t\t<div class=\"elementor-widget-container\">\n\t\t\t<div id=\"custom_html-26\" class=\"widget_text sidebar-box widget_custom_html clr\"><div class=\"textwidget custom-html-widget\"><p style=\"\r\n\t\t\t\t\ttext-align: left;\r\n\t\t\t\t\tcolor: #707070;\r\n\t\t\t\t\tfont-size:18px;\r\n\t\t\t\t\tfont-weight:800;\r\n\t\t\t\t\t\">\r\n\tBuscar por:\r\n<\/p>\r\n<\/div><\/div><div id=\"custom_html-25\" class=\"widget_text sidebar-box widget_custom_html clr\"><div class=\"textwidget custom-html-widget\"><style>\r\n  .filtro-noticias{\r\n\t\twidth: 100%;\r\n\t\tbackground:#fff;\r\n\t\tborder-radius: 34px;\r\n\t\theight: 46px;\r\n  }\r\n  .filtro-noticias:hover{\r\n\t\t\r\n  }\r\n<\/style>\r\n<select class=\"filtro-noticias\" onchange=\"seleccionaAT('categorias')\" name=\"categorias\" id=\"categorias\">\r\n<option selected>Seleccione una categoria...<\/option>\r\n<option value= \"multimedia\">Todas las categorias<\/option>\r\n<option value=\"videos\">Videos<\/option>\r\n<option value=\"fotos\">Fotos<\/option>\r\n<option value=\"podcasts-p\">Podcast<\/option>\r\n<option value=\"infografias\">Infografias<\/option>\r\n<\/select>\r\n\r\n\r\n<script type=\"text\/javascript\">\r\nfunction seleccionaAT (id){\r\n\r\n  var combo = document.getElementById(id).value;\r\n\r\n  window.location=\"https:\/\/censoeconomico.indec.gob.ar\/index.php\/multimedia\/\"+combo;\r\n}\r\n\r\n<\/script><\/div><\/div><div id=\"custom_html-24\" class=\"widget_text sidebar-box widget_custom_html clr\"><div class=\"textwidget custom-html-widget\"><style>\r\n  .filtro-noticias{\r\n\t\twidth: 100%;\r\n\t\tbackground:#fff;\r\n\t\tborder-radius: 34px;\r\n\t\theight: 46px;\r\n  }\r\n  .filtro-noticias:hover{\r\n\t\t\r\n  }\r\n<\/style>\r\n<select class=\"filtro-noticias\" onchange=\"seleccionaAT('temas-des')\" name=\"temas-des\" id=\"temas-des\">\r\n<option selected>Seleccione un tema...<\/option>\r\n<option value= \"multimedia\">Todos los temas<\/option>\r\n<option value=\"precensal-multimedia\">Precensal<\/option>\r\n<option value=\"e-CNE-multimedia\">e-CNE<\/option>\r\n<option value=\"encuestas-digitales-multimedia\">Encuestas digitales<\/option>\r\n<option value=\"resultados-multimedia\">Resultados<\/option>\r\n<\/select>\r\n\r\n\r\n<script type=\"text\/javascript\">\r\nfunction seleccionaAT (id){\r\n\r\n  var combo = document.getElementById(id).value;\r\n\r\n  window.location=\"https:\/\/censoeconomico.indec.gob.ar\/index.php\/multimedia\/\"+combo;\r\n}\r\n\r\n<\/script>\r\n<\/div><\/div>\t\t<\/div>\n\t\t\t\t<\/div>\n\t\t\t\t\t\t<\/div>\n\t\t\t\t\t<\/div>\n\t\t<\/div>\n\t\t\t\t\t\t\t\t<\/div>\n\t\t\t\t\t<\/div>\n\t\t<\/section>\n\t\t\t\t\t\t<\/div>\n\t\t\t\t\t\t<\/div>\n\t\t\t\t\t<\/div>\n\t\t","protected":false},"excerpt":{"rendered":"<p>Secci\u00f3n Multimedia. Videos, fotos, infograf\u00edas y podcasts del Censo Nacional Econ\u00f3mico 2020\/2021.<\/p>\n","protected":false},"author":2,"featured_media":2949,"parent":0,"menu_order":0,"comment_status":"closed","ping_status":"closed","template":"elementor_header_footer","meta":[],"yoast_head":"<!-- This site is optimized with the Yoast SEO plugin v15.5 - https:\/\/yoast.com\/wordpress\/plugins\/seo\/ -->\n<title>Multimedia - CNE<\/title>\n<meta name=\"robots\" content=\"index, follow, max-snippet:-1, max-image-preview:large, max-video-preview:-1\" \/>\n<link rel=\"canonical\" href=\"https:\/\/censoeconomico.indec.gob.ar\/index.php\/multimedia\/\" \/>\n<meta property=\"og:locale\" content=\"es_ES\" \/>\n<meta property=\"og:type\" content=\"article\" \/>\n<meta property=\"og:title\" content=\"Multimedia - CNE\" \/>\n<meta property=\"og:description\" content=\"Secci\u00f3n Multimedia. Videos, fotos, infograf\u00edas y podcasts del Censo Nacional Econ\u00f3mico 2020\/2021.\" \/>\n<meta property=\"og:url\" content=\"https:\/\/censoeconomico.indec.gob.ar\/index.php\/multimedia\/\" \/>\n<meta property=\"og:site_name\" content=\"CNE\" \/>\n<meta property=\"article:modified_time\" content=\"2021-01-08T22:35:37+00:00\" \/>\n<meta property=\"og:image\" content=\"https:\/\/censoeconomico.indec.gob.ar\/wp-content\/uploads\/2020\/11\/tutorial-adhesion-pj.jpg\" \/>\n\t<meta property=\"og:image:width\" content=\"1601\" \/>\n\t<meta property=\"og:image:height\" content=\"898\" \/>\n<meta name=\"twitter:card\" content=\"summary_large_image\" \/>\n<meta name=\"twitter:image\" content=\"https:\/\/censoeconomico.indec.gob.ar\/wp-content\/uploads\/2020\/11\/tutorial-adhesion-pj.jpg\" \/>\n<meta name=\"twitter:label1\" content=\"Est. reading time\">\n\t<meta name=\"twitter:data1\" content=\"0 minutos\">\n<script type=\"application\/ld+json\" class=\"yoast-schema-graph\">{\"@context\":\"https:\/\/schema.org\",\"@graph\":[{\"@type\":\"WebSite\",\"@id\":\"https:\/\/censoeconomico.indec.gob.ar\/#website\",\"url\":\"https:\/\/censoeconomico.indec.gob.ar\/\",\"name\":\"CNE\",\"description\":\"Censo Nacional Econ\\u00f3mico\",\"potentialAction\":[{\"@type\":\"SearchAction\",\"target\":\"https:\/\/censoeconomico.indec.gob.ar\/?s={search_term_string}\",\"query-input\":\"required name=search_term_string\"}],\"inLanguage\":\"es-AR\"},{\"@type\":\"ImageObject\",\"@id\":\"https:\/\/censoeconomico.indec.gob.ar\/index.php\/multimedia\/#primaryimage\",\"inLanguage\":\"es-AR\",\"url\":\"https:\/\/censoeconomico.indec.gob.ar\/wp-content\/uploads\/2020\/11\/tutorial-adhesion-pj.jpg\",\"width\":1601,\"height\":898},{\"@type\":\"WebPage\",\"@id\":\"https:\/\/censoeconomico.indec.gob.ar\/index.php\/multimedia\/#webpage\",\"url\":\"https:\/\/censoeconomico.indec.gob.ar\/index.php\/multimedia\/\",\"name\":\"Multimedia - CNE\",\"isPartOf\":{\"@id\":\"https:\/\/censoeconomico.indec.gob.ar\/#website\"},\"primaryImageOfPage\":{\"@id\":\"https:\/\/censoeconomico.indec.gob.ar\/index.php\/multimedia\/#primaryimage\"},\"datePublished\":\"2020-07-24T12:37:37+00:00\",\"dateModified\":\"2021-01-08T22:35:37+00:00\",\"inLanguage\":\"es-AR\",\"potentialAction\":[{\"@type\":\"ReadAction\",\"target\":[\"https:\/\/censoeconomico.indec.gob.ar\/index.php\/multimedia\/\"]}]}]}<\/script>\n<!-- \/ Yoast SEO plugin. -->","_links":{"self":[{"href":"https:\/\/censoeconomico.indec.gob.ar\/index.php\/wp-json\/wp\/v2\/pages\/229"}],"collection":[{"href":"https:\/\/censoeconomico.indec.gob.ar\/index.php\/wp-json\/wp\/v2\/pages"}],"about":[{"href":"https:\/\/censoeconomico.indec.gob.ar\/index.php\/wp-json\/wp\/v2\/types\/page"}],"author":[{"embeddable":true,"href":"https:\/\/censoeconomico.indec.gob.ar\/index.php\/wp-json\/wp\/v2\/users\/2"}],"replies":[{"embeddable":true,"href":"https:\/\/censoeconomico.indec.gob.ar\/index.php\/wp-json\/wp\/v2\/comments?post=229"}],"version-history":[{"count":36,"href":"https:\/\/censoeconomico.indec.gob.ar\/index.php\/wp-json\/wp\/v2\/pages\/229\/revisions"}],"predecessor-version":[{"id":3356,"href":"https:\/\/censoeconomico.indec.gob.ar\/index.php\/wp-json\/wp\/v2\/pages\/229\/revisions\/3356"}],"wp:featuredmedia":[{"embeddable":true,"href":"https:\/\/censoeconomico.indec.gob.ar\/index.php\/wp-json\/wp\/v2\/media\/2949"}],"wp:attachment":[{"href":"https:\/\/censoeconomico.indec.gob.ar\/index.php\/wp-json\/wp\/v2\/media?parent=229"}],"curies":[{"name":"wp","href":"https:\/\/api.w.org\/{rel}","templated":true}]}}