{"id":227,"date":"2020-07-24T09:36:42","date_gmt":"2020-07-24T12:36:42","guid":{"rendered":"https:\/\/censoeconomico.indec.gob.ar\/?page_id=227"},"modified":"2020-12-22T10:42:22","modified_gmt":"2020-12-22T13:42:22","slug":"marco-legal","status":"publish","type":"page","link":"https:\/\/censoeconomico.indec.gob.ar\/index.php\/marco-legal\/","title":{"rendered":"Marco legal"},"content":{"rendered":"\t\t<div data-elementor-type=\"wp-page\" data-elementor-id=\"227\" class=\"elementor elementor-227\" data-elementor-settings=\"[]\">\n\t\t\t\t\t\t<div class=\"elementor-inner\">\n\t\t\t\t\t\t\t<div class=\"elementor-section-wrap\">\n\t\t\t\t\t\t\t<section class=\"elementor-section elementor-top-section elementor-element elementor-element-bd7b62b elementor-section-boxed elementor-section-height-default elementor-section-height-default\" data-id=\"bd7b62b\" data-element_type=\"section\" data-settings=\"{&quot;background_background&quot;:&quot;classic&quot;}\">\n\t\t\t\t\t\t\t<div class=\"elementor-background-overlay\"><\/div>\n\t\t\t\t\t\t\t<div class=\"elementor-container elementor-column-gap-default\">\n\t\t\t\t\t\t\t<div class=\"elementor-row\">\n\t\t\t\t\t<div class=\"elementor-column elementor-col-100 elementor-top-column elementor-element elementor-element-f41884b\" data-id=\"f41884b\" data-element_type=\"column\" data-settings=\"{&quot;background_background&quot;:&quot;classic&quot;}\">\n\t\t\t<div class=\"elementor-column-wrap elementor-element-populated\">\n\t\t\t\t\t\t\t<div class=\"elementor-widget-wrap\">\n\t\t\t\t\t\t<div class=\"elementor-element elementor-element-916b110 elementor-widget elementor-widget-heading\" data-id=\"916b110\" data-element_type=\"widget\" data-widget_type=\"heading.default\">\n\t\t\t\t<div class=\"elementor-widget-container\">\n\t\t\t<h2 class=\"elementor-heading-title elementor-size-default\">Marco legal<\/h2>\t\t<\/div>\n\t\t\t\t<\/div>\n\t\t\t\t<div class=\"elementor-element elementor-element-a4b9f92 elementor-widget elementor-widget-text-editor\" data-id=\"a4b9f92\" data-element_type=\"widget\" data-widget_type=\"text-editor.default\">\n\t\t\t\t<div class=\"elementor-widget-container\">\n\t\t\t\t\t<div class=\"elementor-text-editor elementor-clearfix\"><p>En esta secci\u00f3n se encuentra disponible la normativa vigente relacionada al Censo Nacional Econ\u00f3mico 2020\/2021 y al secreto estad\u00edstico que rige para todas las operaciones realizadas por el INDEC.<\/p><p>El INDEC es el organismo responsable de la planificaci\u00f3n y ejecuci\u00f3n de los censos nacionales econ\u00f3micos. A su vez, el decreto n\u00b0 3.110\/1970, que reglamenta dicha ley, prev\u00e9 la realizaci\u00f3n de los censos nacionales econ\u00f3micos de acuerdo a las recomendaciones internacionales: en per\u00edodos decenales con actualizaciones peri\u00f3dicas.<\/p><\/div>\n\t\t\t\t<\/div>\n\t\t\t\t<\/div>\n\t\t\t\t<div class=\"elementor-element elementor-element-8f444ab elementor-widget elementor-widget-spacer\" data-id=\"8f444ab\" data-element_type=\"widget\" data-widget_type=\"spacer.default\">\n\t\t\t\t<div class=\"elementor-widget-container\">\n\t\t\t\t\t<div class=\"elementor-spacer\">\n\t\t\t<div class=\"elementor-spacer-inner\"><\/div>\n\t\t<\/div>\n\t\t\t\t<\/div>\n\t\t\t\t<\/div>\n\t\t\t\t<div class=\"elementor-element elementor-element-19b4660 elementor-widget elementor-widget-heading\" data-id=\"19b4660\" data-element_type=\"widget\" data-widget_type=\"heading.default\">\n\t\t\t\t<div class=\"elementor-widget-container\">\n\t\t\t<h2 class=\"elementor-heading-title elementor-size-default\">Resoluci\u00f3n censal<\/h2>\t\t<\/div>\n\t\t\t\t<\/div>\n\t\t\t\t<div class=\"elementor-element elementor-element-f70ccbe elementor-widget elementor-widget-text-editor\" data-id=\"f70ccbe\" data-element_type=\"widget\" data-widget_type=\"text-editor.default\">\n\t\t\t\t<div class=\"elementor-widget-container\">\n\t\t\t\t\t<div class=\"elementor-text-editor elementor-clearfix\"><p>Mediante la resoluci\u00f3n n\u00b0 180 del 17 de noviembre de 2020, el INDEC resuelve la realizaci\u00f3n\u00a0del Censo Nacional Econ\u00f3mico en todo el territorio nacional a partir del 30 de noviembre de 2020 y durante los seis meses siguientes.<\/p><p>La norma tambi\u00e9n dispone que las unidades econ\u00f3micas convocadas est\u00e1n obligadas a responder y que una vez finalizado el e-CNE, obtendr\u00e1n un certificado censal digital que\u00a0servir\u00e1 para futuros tr\u00e1mites administrativos y bancarios de acuerdo a lo reglamentado en el art\u00edculo 11 del decreto n\u00b0 3.110\/70.<\/p><p>Seg\u00fan la\u00a0<a href=\"http:\/\/www.bcra.gob.ar\/Pdfs\/comytexord\/B12100.pdf\" target=\"_blank\" rel=\"noopener\">comunicaci\u00f3n \u201cB\u201d n\u00famero 12100 del BCRA<\/a>, publicada el 4 de diciembre de 2020, se solicitar\u00e1 el certificado censal a partir del 1\u00ba de abril del 2021 para las personas jur\u00eddicas, del 1\u00ba de mayo de 2021 para las personas humanas \u2014responsables inscriptas\u2014, y del 1\u00ba de julio de 2021 para las personas humanas \u2014monotributistas\u2014. La exigencia de la documentaci\u00f3n concluir\u00e1 el 28 de febrero de 2022.\u00a0<\/p><\/div>\n\t\t\t\t<\/div>\n\t\t\t\t<\/div>\n\t\t\t\t<div class=\"elementor-element elementor-element-a393d76 elementor-mobile-align-center elementor-widget elementor-widget-button\" data-id=\"a393d76\" data-element_type=\"widget\" data-widget_type=\"button.default\">\n\t\t\t\t<div class=\"elementor-widget-container\">\n\t\t\t\t\t<div class=\"elementor-button-wrapper\">\n\t\t\t<a href=\"http:\/\/censoeconomico.indec.gob.ar\/wp-content\/uploads\/2020\/11\/RS-2020-79451853-APN-INDECMEC.pdf\" target=\"_blank\" class=\"elementor-button-link elementor-button elementor-size-sm\" role=\"button\">\n\t\t\t\t\t\t<span class=\"elementor-button-content-wrapper\">\n\t\t\t\t\t\t<span class=\"elementor-button-icon elementor-align-icon-left\">\n\t\t\t\t<i aria-hidden=\"true\" class=\"far fa-file-pdf\"><\/i>\t\t\t<\/span>\n\t\t\t\t\t\t<span class=\"elementor-button-text\">Descargar la resoluci\u00f3n censal<\/span>\n\t\t<\/span>\n\t\t\t\t\t<\/a>\n\t\t<\/div>\n\t\t\t\t<\/div>\n\t\t\t\t<\/div>\n\t\t\t\t<div class=\"elementor-element elementor-element-907f1d4 elementor-mobile-align-center elementor-widget elementor-widget-button\" data-id=\"907f1d4\" data-element_type=\"widget\" data-widget_type=\"button.default\">\n\t\t\t\t<div class=\"elementor-widget-container\">\n\t\t\t\t\t<div class=\"elementor-button-wrapper\">\n\t\t\t<a href=\"https:\/\/censoeconomico.indec.gob.ar\/wp-content\/uploads\/2020\/12\/B12100.pdf\" target=\"_blank\" class=\"elementor-button-link elementor-button elementor-size-sm\" role=\"button\">\n\t\t\t\t\t\t<span class=\"elementor-button-content-wrapper\">\n\t\t\t\t\t\t<span class=\"elementor-button-icon elementor-align-icon-left\">\n\t\t\t\t<i aria-hidden=\"true\" class=\"far fa-file-pdf\"><\/i>\t\t\t<\/span>\n\t\t\t\t\t\t<span class=\"elementor-button-text\">Descargar la comunicaci\u00f3n \u201cB\u201d 12100 del BCRA<\/span>\n\t\t<\/span>\n\t\t\t\t\t<\/a>\n\t\t<\/div>\n\t\t\t\t<\/div>\n\t\t\t\t<\/div>\n\t\t\t\t<div class=\"elementor-element elementor-element-3cad987 elementor-widget elementor-widget-spacer\" data-id=\"3cad987\" data-element_type=\"widget\" data-widget_type=\"spacer.default\">\n\t\t\t\t<div class=\"elementor-widget-container\">\n\t\t\t\t\t<div class=\"elementor-spacer\">\n\t\t\t<div class=\"elementor-spacer-inner\"><\/div>\n\t\t<\/div>\n\t\t\t\t<\/div>\n\t\t\t\t<\/div>\n\t\t\t\t<div class=\"elementor-element elementor-element-1e492df elementor-widget elementor-widget-heading\" data-id=\"1e492df\" data-element_type=\"widget\" data-widget_type=\"heading.default\">\n\t\t\t\t<div class=\"elementor-widget-container\">\n\t\t\t<h2 class=\"elementor-heading-title elementor-size-default\">Obligatoriedad y secreto estad\u00edstico<\/h2>\t\t<\/div>\n\t\t\t\t<\/div>\n\t\t\t\t<div class=\"elementor-element elementor-element-ee97489 elementor-widget elementor-widget-text-editor\" data-id=\"ee97489\" data-element_type=\"widget\" id=\"texto\" data-widget_type=\"text-editor.default\">\n\t\t\t\t<div class=\"elementor-widget-container\">\n\t\t\t\t\t<div class=\"elementor-text-editor elementor-clearfix\"><p>Los datos aportados por las unidades econ\u00f3micas convocadas a responder el censo de acuerdo a la resoluci\u00f3n del INDEC n\u00b0 180, son estrictamente confidenciales y se encuentran protegidos por el <strong>secreto estad\u00edstico<\/strong> conforme a lo dispuesto por el art\u00edculo 10 de la\u00a0<a href=\"https:\/\/www.indec.gob.ar\/ftp\/documentos\/Ley_17622.htm\" target=\"_blank\" rel=\"noopener\">ley\u00a0n\u00b0 17.622<\/a>:<\/p><p style=\"padding-left: 40px;\"><em>\u00a0<\/em><em>Las informaciones que se suministren a los organismos que integran el Sistema Estad\u00edstico Nacional, en cumplimiento de la presente ley, ser\u00e1n estrictamente secretos y s\u00f3lo se utilizar\u00e1n con fines estad\u00edsticos. Los datos deber\u00e1n ser suministrados y publicados, exclusivamente, en compilaciones de conjunto, de modo que no pueda ser violado el secreto comercial o patrimonial, ni individualizarse las personas o entidades a quienes se refieran. Quedan exceptuados del secreto estad\u00edstico los siguientes datos de registro: nombre y apellido, o raz\u00f3n\u00a0social, domicilio y rama de actividad<\/em><\/p><p>y el art\u00edculo 3,\u00a0inciso d),\u00a0del\u00a0<a href=\"https:\/\/www.indec.gob.ar\/ftp\/documentos\/dec3110.htm\" target=\"_blank\" rel=\"noopener\">decreto\u00a0n\u00b0 3.110\/70<\/a>:<\/p><p style=\"padding-left: 40px;\"><em>Corresponde a los servicios estad\u00edsticos centrales y perif\u00e9ricos, en cuanto se relaciona con el Programa Anual de Estad\u00edsticas:<\/em><\/p><p style=\"padding-left: 40px;\"><em>[\u2026]<\/em><\/p><p style=\"padding-left: 40px;\"><em>1. d) Cumplir y hacer cumplir con el mayor rigor el secreto estad\u00edstico.<\/em><\/p><p>Todos los datos, que se alojar\u00e1n en servidores propiedad del INDEC, ser\u00e1n procesados con fines estad\u00edsticos y publicados de forma an\u00f3nima, en compilaciones de conjunto, y no ser\u00e1n intercambiados con otros organismos, p\u00fablicos o privados.<\/p><\/div>\n\t\t\t\t<\/div>\n\t\t\t\t<\/div>\n\t\t\t\t<div class=\"elementor-element elementor-element-7061879 elementor-widget elementor-widget-spacer\" data-id=\"7061879\" data-element_type=\"widget\" data-widget_type=\"spacer.default\">\n\t\t\t\t<div class=\"elementor-widget-container\">\n\t\t\t\t\t<div class=\"elementor-spacer\">\n\t\t\t<div class=\"elementor-spacer-inner\"><\/div>\n\t\t<\/div>\n\t\t\t\t<\/div>\n\t\t\t\t<\/div>\n\t\t\t\t\t\t<\/div>\n\t\t\t\t\t<\/div>\n\t\t<\/div>\n\t\t\t\t\t\t\t\t<\/div>\n\t\t\t\t\t<\/div>\n\t\t<\/section>\n\t\t\t\t\t\t<\/div>\n\t\t\t\t\t\t<\/div>\n\t\t\t\t\t<\/div>\n\t\t","protected":false},"excerpt":{"rendered":"<p>En esta secci\u00f3n se encuentra disponible la normativa vigente relacionada al Censo Nacional Econ\u00f3mico 2020\/2021 y al secreto estad\u00edstico que rige para todas las operaciones realizadas por el INDEC.<\/p>\n","protected":false},"author":2,"featured_media":0,"parent":0,"menu_order":0,"comment_status":"closed","ping_status":"closed","template":"elementor_header_footer","meta":[],"yoast_head":"<!-- This site is optimized with the Yoast SEO plugin v15.5 - https:\/\/yoast.com\/wordpress\/plugins\/seo\/ -->\n<title>Marco legal - CNE<\/title>\n<meta name=\"robots\" content=\"index, follow, max-snippet:-1, max-image-preview:large, max-video-preview:-1\" \/>\n<link rel=\"canonical\" href=\"https:\/\/censoeconomico.indec.gob.ar\/index.php\/marco-legal\/\" \/>\n<meta property=\"og:locale\" content=\"es_ES\" \/>\n<meta property=\"og:type\" content=\"article\" \/>\n<meta property=\"og:title\" content=\"Marco legal - CNE\" \/>\n<meta property=\"og:description\" content=\"En esta secci\u00f3n se encuentra disponible la normativa vigente relacionada al Censo Nacional Econ\u00f3mico 2020\/2021 y al secreto estad\u00edstico que rige para todas las operaciones realizadas por el INDEC.\" \/>\n<meta property=\"og:url\" content=\"https:\/\/censoeconomico.indec.gob.ar\/index.php\/marco-legal\/\" \/>\n<meta property=\"og:site_name\" content=\"CNE\" \/>\n<meta property=\"article:modified_time\" content=\"2020-12-22T13:42:22+00:00\" \/>\n<meta name=\"twitter:card\" content=\"summary_large_image\" \/>\n<meta name=\"twitter:label1\" content=\"Est. reading time\">\n\t<meta name=\"twitter:data1\" content=\"2 minutos\">\n<script type=\"application\/ld+json\" class=\"yoast-schema-graph\">{\"@context\":\"https:\/\/schema.org\",\"@graph\":[{\"@type\":\"WebSite\",\"@id\":\"https:\/\/censoeconomico.indec.gob.ar\/#website\",\"url\":\"https:\/\/censoeconomico.indec.gob.ar\/\",\"name\":\"CNE\",\"description\":\"Censo Nacional Econ\\u00f3mico\",\"potentialAction\":[{\"@type\":\"SearchAction\",\"target\":\"https:\/\/censoeconomico.indec.gob.ar\/?s={search_term_string}\",\"query-input\":\"required name=search_term_string\"}],\"inLanguage\":\"es-AR\"},{\"@type\":\"WebPage\",\"@id\":\"https:\/\/censoeconomico.indec.gob.ar\/index.php\/marco-legal\/#webpage\",\"url\":\"https:\/\/censoeconomico.indec.gob.ar\/index.php\/marco-legal\/\",\"name\":\"Marco legal - CNE\",\"isPartOf\":{\"@id\":\"https:\/\/censoeconomico.indec.gob.ar\/#website\"},\"datePublished\":\"2020-07-24T12:36:42+00:00\",\"dateModified\":\"2020-12-22T13:42:22+00:00\",\"inLanguage\":\"es-AR\",\"potentialAction\":[{\"@type\":\"ReadAction\",\"target\":[\"https:\/\/censoeconomico.indec.gob.ar\/index.php\/marco-legal\/\"]}]}]}<\/script>\n<!-- \/ Yoast SEO plugin. -->","_links":{"self":[{"href":"https:\/\/censoeconomico.indec.gob.ar\/index.php\/wp-json\/wp\/v2\/pages\/227"}],"collection":[{"href":"https:\/\/censoeconomico.indec.gob.ar\/index.php\/wp-json\/wp\/v2\/pages"}],"about":[{"href":"https:\/\/censoeconomico.indec.gob.ar\/index.php\/wp-json\/wp\/v2\/types\/page"}],"author":[{"embeddable":true,"href":"https:\/\/censoeconomico.indec.gob.ar\/index.php\/wp-json\/wp\/v2\/users\/2"}],"replies":[{"embeddable":true,"href":"https:\/\/censoeconomico.indec.gob.ar\/index.php\/wp-json\/wp\/v2\/comments?post=227"}],"version-history":[{"count":73,"href":"https:\/\/censoeconomico.indec.gob.ar\/index.php\/wp-json\/wp\/v2\/pages\/227\/revisions"}],"predecessor-version":[{"id":3291,"href":"https:\/\/censoeconomico.indec.gob.ar\/index.php\/wp-json\/wp\/v2\/pages\/227\/revisions\/3291"}],"wp:attachment":[{"href":"https:\/\/censoeconomico.indec.gob.ar\/index.php\/wp-json\/wp\/v2\/media?parent=227"}],"curies":[{"name":"wp","href":"https:\/\/api.w.org\/{rel}","templated":true}]}}