{"id":183,"date":"2020-07-23T11:55:24","date_gmt":"2020-07-23T14:55:24","guid":{"rendered":"https:\/\/censoeconomico.indec.gob.ar\/?page_id=183"},"modified":"2022-10-25T19:15:27","modified_gmt":"2022-10-25T22:15:27","slug":"el-e-cne","status":"publish","type":"page","link":"https:\/\/censoeconomico.indec.gob.ar\/index.php\/el-e-cne\/","title":{"rendered":"El e-CNE"},"content":{"rendered":"\t\t<div data-elementor-type=\"wp-page\" data-elementor-id=\"183\" class=\"elementor elementor-183\" data-elementor-settings=\"[]\">\n\t\t\t\t\t\t<div class=\"elementor-inner\">\n\t\t\t\t\t\t\t<div class=\"elementor-section-wrap\">\n\t\t\t\t\t\t\t<section class=\"elementor-section elementor-top-section elementor-element elementor-element-4eda147a elementor-section-boxed elementor-section-height-default elementor-section-height-default\" data-id=\"4eda147a\" data-element_type=\"section\" data-settings=\"{&quot;background_background&quot;:&quot;classic&quot;}\">\n\t\t\t\t\t\t\t<div class=\"elementor-background-overlay\"><\/div>\n\t\t\t\t\t\t\t<div class=\"elementor-container elementor-column-gap-default\">\n\t\t\t\t\t\t\t<div class=\"elementor-row\">\n\t\t\t\t\t<div class=\"elementor-column elementor-col-100 elementor-top-column elementor-element elementor-element-33d65906\" data-id=\"33d65906\" data-element_type=\"column\" data-settings=\"{&quot;background_background&quot;:&quot;classic&quot;}\">\n\t\t\t<div class=\"elementor-column-wrap elementor-element-populated\">\n\t\t\t\t\t\t\t<div class=\"elementor-widget-wrap\">\n\t\t\t\t\t\t<div class=\"elementor-element elementor-element-1b78139e elementor-widget elementor-widget-heading\" data-id=\"1b78139e\" data-element_type=\"widget\" data-widget_type=\"heading.default\">\n\t\t\t\t<div class=\"elementor-widget-container\">\n\t\t\t<h2 class=\"elementor-heading-title elementor-size-default\">El e-CNE<\/h2>\t\t<\/div>\n\t\t\t\t<\/div>\n\t\t\t\t<div class=\"elementor-element elementor-element-41a9be16 elementor-widget elementor-widget-text-editor\" data-id=\"41a9be16\" data-element_type=\"widget\" data-widget_type=\"text-editor.default\">\n\t\t\t\t<div class=\"elementor-widget-container\">\n\t\t\t\t\t<div class=\"elementor-text-editor elementor-clearfix\"><p>Todos los productores de bienes y servicios del pa\u00eds que tengan una actividad registrada participar\u00e1n en el CNE. Se estima que m\u00e1s de 6.500.000 personas humanas y jur\u00eddicas tendr\u00e1n que completar el cuestionario digital disponible en la aplicaci\u00f3n desarrollada por el INDEC (el <b>e-CNE<\/b>) para la primera etapa del censo.<\/p><p>Las unidades econ\u00f3micas recibir\u00e1n la convocatoria oficial en su domicilio fiscal electr\u00f3nico, aunque tambi\u00e9n pueden acceder al bot\u00f3n &#8220;Completar el e-CNE&#8221; para iniciar el censo en este momento.<\/p><p>Las <strong>personas jur\u00eddicas<\/strong> (empresas e instituciones sin fines de lucro) deber\u00e1n presentar el certificado de cumplimiento censal para realizar diferentes tr\u00e1mites a partir del <strong>1 de abril de 2021<\/strong>, mientras que las personas inscriptas en el r\u00e9gimen de los <strong>Aut\u00f3nomos<\/strong> lo har\u00e1n desde el <strong>1 de mayo de 2021<\/strong> y las inscriptas en el <strong>Monotributo<\/strong>, desde el <strong>1 de julio de 2021<\/strong>.<\/p><\/div>\n\t\t\t\t<\/div>\n\t\t\t\t<\/div>\n\t\t\t\t<div class=\"elementor-element elementor-element-b165cca elementor-widget elementor-widget-image\" data-id=\"b165cca\" data-element_type=\"widget\" data-widget_type=\"image.default\">\n\t\t\t\t<div class=\"elementor-widget-container\">\n\t\t\t\t\t<div class=\"elementor-image\">\n\t\t\t\t\t\t\t\t\t\t\t<a href=\"https:\/\/censoeconomico.indec.gob.ar\/wp-content\/uploads\/2021\/04\/Calendario-certificado-censal-CNE-2020-2021.jpg\" data-elementor-open-lightbox=\"yes\" data-elementor-lightbox-title=\"\u00bfA partir de qu\u00e9 d\u00eda ser\u00e1 exigible el certificado censal?\">\n\t\t\t\t\t\t\t<img width=\"1024\" height=\"512\" src=\"https:\/\/censoeconomico.indec.gob.ar\/wp-content\/uploads\/2021\/04\/Calendario-certificado-censal-CNE-2020-2021-1024x512.jpg\" class=\"attachment-large size-large\" alt=\"\" loading=\"lazy\" srcset=\"https:\/\/censoeconomico.indec.gob.ar\/wp-content\/uploads\/2021\/04\/Calendario-certificado-censal-CNE-2020-2021-1024x512.jpg 1024w, https:\/\/censoeconomico.indec.gob.ar\/wp-content\/uploads\/2021\/04\/Calendario-certificado-censal-CNE-2020-2021-300x150.jpg 300w, https:\/\/censoeconomico.indec.gob.ar\/wp-content\/uploads\/2021\/04\/Calendario-certificado-censal-CNE-2020-2021-768x384.jpg 768w, https:\/\/censoeconomico.indec.gob.ar\/wp-content\/uploads\/2021\/04\/Calendario-certificado-censal-CNE-2020-2021.jpg 1200w\" sizes=\"(max-width: 1024px) 100vw, 1024px\" \/>\t\t\t\t\t\t\t\t<\/a>\n\t\t\t\t\t\t\t\t\t\t\t<\/div>\n\t\t\t\t<\/div>\n\t\t\t\t<\/div>\n\t\t\t\t<div class=\"elementor-element elementor-element-03197ab elementor-button-warning elementor-align-center elementor-mobile-align-center elementor-widget elementor-widget-button\" data-id=\"03197ab\" data-element_type=\"widget\" data-widget_type=\"button.default\">\n\t\t\t\t<div class=\"elementor-widget-container\">\n\t\t\t\t\t<div class=\"elementor-button-wrapper\">\n\t\t\t<a href=\"https:\/\/cne.indec.gob.ar\/#\/\" target=\"_blank\" class=\"elementor-button-link elementor-button elementor-size-xl\" role=\"button\">\n\t\t\t\t\t\t<span class=\"elementor-button-content-wrapper\">\n\t\t\t\t\t\t<span class=\"elementor-button-text\">Completar el e-CNE<\/span>\n\t\t<\/span>\n\t\t\t\t\t<\/a>\n\t\t<\/div>\n\t\t\t\t<\/div>\n\t\t\t\t<\/div>\n\t\t\t\t<div class=\"elementor-element elementor-element-32fd5af elementor-align-center elementor-widget elementor-widget-button\" data-id=\"32fd5af\" data-element_type=\"widget\" data-widget_type=\"button.default\">\n\t\t\t\t<div class=\"elementor-widget-container\">\n\t\t\t\t\t<div class=\"elementor-button-wrapper\">\n\t\t\t<a href=\"https:\/\/censoeconomico.indec.gob.ar\/index.php\/multimedia\/videos\/\" target=\"_blank\" class=\"elementor-button-link elementor-button elementor-size-xs elementor-animation-grow\" role=\"button\">\n\t\t\t\t\t\t<span class=\"elementor-button-content-wrapper\">\n\t\t\t\t\t\t<span class=\"elementor-button-text\">Ver los videos tutoriales<\/span>\n\t\t<\/span>\n\t\t\t\t\t<\/a>\n\t\t<\/div>\n\t\t\t\t<\/div>\n\t\t\t\t<\/div>\n\t\t\t\t<div class=\"elementor-element elementor-element-304eb89 elementor-widget elementor-widget-heading\" data-id=\"304eb89\" data-element_type=\"widget\" data-widget_type=\"heading.default\">\n\t\t\t\t<div class=\"elementor-widget-container\">\n\t\t\t<h2 class=\"elementor-heading-title elementor-size-default\">Acceso al e-CNE <\/h2>\t\t<\/div>\n\t\t\t\t<\/div>\n\t\t\t\t<div class=\"elementor-element elementor-element-69d9511 elementor-widget elementor-widget-text-editor\" data-id=\"69d9511\" data-element_type=\"widget\" data-widget_type=\"text-editor.default\">\n\t\t\t\t<div class=\"elementor-widget-container\">\n\t\t\t\t\t<div class=\"elementor-text-editor elementor-clearfix\"><p>Las personas o representantes de una empresa o instituci\u00f3n sin fines de lucro acceder\u00e1n al cuestionario digital mediante su n\u00famero de CUIT y clave fiscal.<\/p><p>La aplicaci\u00f3n <b>e-CNE<\/b>\u00a0utiliza la plataforma de la Administraci\u00f3n Federal de Ingresos P\u00fablicos (AFIP) debido a que la validaci\u00f3n de identidad mediante clave fiscal (una contrase\u00f1a personal e intransferible) es el proceso por el cual se comprueba que las personas humanas o jur\u00eddicas son quienes dicen ser al momento de completar el censo. Esa es la condici\u00f3n necesaria y suficiente para que la informaci\u00f3n proporcionada al INDEC sea valedera para su procesamiento estad\u00edstico.<\/p><p>Los administradores o subadministradores de relaciones de la AFIP, que\u00a0realizan acciones en calidad de apoderado y en nombre de otra persona humana o jur\u00eddica,\u00a0tendr\u00e1n la posibilidad de delegar a otra persona para que complete el cuestionario digital.\u00a0<\/p><p>Al finalizar el <b>e-CNE<\/b>, la aplicaci\u00f3n les entregar\u00e1 a las personas censadas un certificado que ser\u00e1 necesario para la realizaci\u00f3n de futuros tr\u00e1mites administrativos y bancarios.<\/p><p><strong>Como sucede en todos los relevamientos estad\u00edsticos realizados por el INDEC, la informaci\u00f3n de los informantes es confidencial y est\u00e1 protegida por el secreto estad\u00edstico dispuesto en el art\u00edculo 10 de la ley n\u00b0 17.622 y el decreto reglamentario n\u00b0 3.110\/70<\/strong>.<\/p><\/div>\n\t\t\t\t<\/div>\n\t\t\t\t<\/div>\n\t\t\t\t<div class=\"elementor-element elementor-element-3ff6812 elementor-widget elementor-widget-heading\" data-id=\"3ff6812\" data-element_type=\"widget\" data-widget_type=\"heading.default\">\n\t\t\t\t<div class=\"elementor-widget-container\">\n\t\t\t<h2 class=\"elementor-heading-title elementor-size-default\">Cuestionarios censales <\/h2>\t\t<\/div>\n\t\t\t\t<\/div>\n\t\t\t\t<div class=\"elementor-element elementor-element-38615ac elementor-widget elementor-widget-text-editor\" data-id=\"38615ac\" data-element_type=\"widget\" data-widget_type=\"text-editor.default\">\n\t\t\t\t<div class=\"elementor-widget-container\">\n\t\t\t\t\t<div class=\"elementor-text-editor elementor-clearfix\"><p>Para el completamiento del e-CNE habr\u00e1\u00a0<span style=\"background-color: rgba(2, 1, 1, 0);\"><a href=\"http:\/\/censoeconomico.indec.gob.ar\/wp-content\/uploads\/2020\/11\/CNE-2020-2021_Cuestionarios.pdf\" target=\"_blank\" rel=\"noopener\">tres tipos de cuestionarios<\/a>:<\/span><\/p><ol><li>Para <b>personas humanas<\/b> (14 preguntas).<\/li><li>Para <b>personas jur\u00eddicas con fines de lucro<\/b> (15 preguntas).<\/li><li><span style=\"background-color: rgba(2, 1, 1, 0);\">Para <b>personas jur\u00eddicas sin fines de lucro<\/b> (17 preguntas).<\/span><\/li><\/ol><div>Las preguntas solicitadas son las siguientes:<\/div><ul><li>Nombre o raz\u00f3n social de la empresa<\/li><li>CUIT<\/li><li>Ubicaci\u00f3n<\/li><li>\u00bfTiene establecimientos en m\u00e1s de una provincia?<\/li><li>Descripci\u00f3n de la actividad principal<\/li><li>Bienes o servicios resultantes de la actividad principal<\/li><li>Materias primas, materiales o gastos directos para la producci\u00f3n de bienes o servicios<\/li><li>Facturaci\u00f3n anual sin IVA (2019)<\/li><li>Cantidad de trabajadores en relaci\u00f3n de dependencia (asalariados) al 31 de diciembre de 2019<\/li><li>Unidades auxiliares de apoyo para realizar la actividad principal<\/li><li>\u00bfRealiza otras actividades?<\/li><li>Descripci\u00f3n de actividades secundarias (si corresponde)<\/li><li>\u00bfProduce alg\u00fan bien o servicio para consumo propio?<\/li><li>\u00bfProduce activos fijos para uso propio? (edificios, estructuras, maquinaria y equipo, desarrollos inform\u00e1ticos, etc.)<\/li><li>\u00bfRealiza actividades de investigaci\u00f3n y desarrollo?<\/li><\/ul><\/div>\n\t\t\t\t<\/div>\n\t\t\t\t<\/div>\n\t\t\t\t<div class=\"elementor-element elementor-element-1eec4c8 elementor-widget elementor-widget-heading\" data-id=\"1eec4c8\" data-element_type=\"widget\" data-widget_type=\"heading.default\">\n\t\t\t\t<div class=\"elementor-widget-container\">\n\t\t\t<h2 class=\"elementor-heading-title elementor-size-default\">Identificaci\u00f3n de bienes y\/o servicios<\/h2>\t\t<\/div>\n\t\t\t\t<\/div>\n\t\t\t\t<section class=\"elementor-section elementor-inner-section elementor-element elementor-element-155b80e elementor-section-boxed elementor-section-height-default elementor-section-height-default\" data-id=\"155b80e\" data-element_type=\"section\">\n\t\t\t\t\t\t<div class=\"elementor-container elementor-column-gap-default\">\n\t\t\t\t\t\t\t<div class=\"elementor-row\">\n\t\t\t\t\t<div class=\"elementor-column elementor-col-50 elementor-inner-column elementor-element elementor-element-a55538b\" data-id=\"a55538b\" data-element_type=\"column\">\n\t\t\t<div class=\"elementor-column-wrap elementor-element-populated\">\n\t\t\t\t\t\t\t<div class=\"elementor-widget-wrap\">\n\t\t\t\t\t\t<div class=\"elementor-element elementor-element-bbd03fa elementor-widget elementor-widget-text-editor\" data-id=\"bbd03fa\" data-element_type=\"widget\" data-widget_type=\"text-editor.default\">\n\t\t\t\t<div class=\"elementor-widget-container\">\n\t\t\t\t\t<div class=\"elementor-text-editor elementor-clearfix\">Para facilitar a las unidades econ\u00f3micas la identificaci\u00f3n de los bienes y\/o servicios que produce, se puede descargar la descripci\u00f3n de la Clasificaci\u00f3n Central de Productos (CPC) versi\u00f3n 2.1, adaptada para su utilizaci\u00f3n en el cuestionario digital del CNE 2020\/2021.<\/div>\n\t\t\t\t<\/div>\n\t\t\t\t<\/div>\n\t\t\t\t\t\t<\/div>\n\t\t\t\t\t<\/div>\n\t\t<\/div>\n\t\t\t\t<div class=\"elementor-column elementor-col-50 elementor-inner-column elementor-element elementor-element-cc8706f\" data-id=\"cc8706f\" data-element_type=\"column\">\n\t\t\t<div class=\"elementor-column-wrap elementor-element-populated\">\n\t\t\t\t\t\t\t<div class=\"elementor-widget-wrap\">\n\t\t\t\t\t\t<div class=\"elementor-element elementor-element-af452c4 elementor-align-center elementor-widget elementor-widget-button\" data-id=\"af452c4\" data-element_type=\"widget\" data-widget_type=\"button.default\">\n\t\t\t\t<div class=\"elementor-widget-container\">\n\t\t\t\t\t<div class=\"elementor-button-wrapper\">\n\t\t\t<a href=\"https:\/\/censoeconomico.indec.gob.ar\/wp-content\/uploads\/2020\/12\/CPC-CNE.xlsx\" target=\"_blank\" class=\"elementor-button-link elementor-button elementor-size-sm\" role=\"button\">\n\t\t\t\t\t\t<span class=\"elementor-button-content-wrapper\">\n\t\t\t\t\t\t<span class=\"elementor-button-icon elementor-align-icon-left\">\n\t\t\t\t<i aria-hidden=\"true\" class=\"fas fa-file-excel\"><\/i>\t\t\t<\/span>\n\t\t\t\t\t\t<span class=\"elementor-button-text\">Descargar CPC 2.1 en formato .xls<\/span>\n\t\t<\/span>\n\t\t\t\t\t<\/a>\n\t\t<\/div>\n\t\t\t\t<\/div>\n\t\t\t\t<\/div>\n\t\t\t\t\t\t<\/div>\n\t\t\t\t\t<\/div>\n\t\t<\/div>\n\t\t\t\t\t\t\t\t<\/div>\n\t\t\t\t\t<\/div>\n\t\t<\/section>\n\t\t\t\t<div class=\"elementor-element elementor-element-8e876a9 elementor-widget elementor-widget-heading\" data-id=\"8e876a9\" data-element_type=\"widget\" data-widget_type=\"heading.default\">\n\t\t\t\t<div class=\"elementor-widget-container\">\n\t\t\t<h2 class=\"elementor-heading-title elementor-size-default\">Cartas de convocatoria<\/h2>\t\t<\/div>\n\t\t\t\t<\/div>\n\t\t\t\t<section class=\"elementor-section elementor-inner-section elementor-element elementor-element-35f4d3a elementor-section-boxed elementor-section-height-default elementor-section-height-default\" data-id=\"35f4d3a\" data-element_type=\"section\">\n\t\t\t\t\t\t<div class=\"elementor-container elementor-column-gap-default\">\n\t\t\t\t\t\t\t<div class=\"elementor-row\">\n\t\t\t\t\t<div class=\"elementor-column elementor-col-50 elementor-inner-column elementor-element elementor-element-5ede7cd\" data-id=\"5ede7cd\" data-element_type=\"column\">\n\t\t\t<div class=\"elementor-column-wrap elementor-element-populated\">\n\t\t\t\t\t\t\t<div class=\"elementor-widget-wrap\">\n\t\t\t\t\t\t<div class=\"elementor-element elementor-element-1ef7a6e elementor-widget elementor-widget-text-editor\" data-id=\"1ef7a6e\" data-element_type=\"widget\" data-widget_type=\"text-editor.default\">\n\t\t\t\t<div class=\"elementor-widget-container\">\n\t\t\t\t\t<div class=\"elementor-text-editor elementor-clearfix\"><p>Convocatoria a personas jur\u00eddicas (empresas e instituciones sin fines de lucro).<\/p><\/div>\n\t\t\t\t<\/div>\n\t\t\t\t<\/div>\n\t\t\t\t\t\t<\/div>\n\t\t\t\t\t<\/div>\n\t\t<\/div>\n\t\t\t\t<div class=\"elementor-column elementor-col-50 elementor-inner-column elementor-element elementor-element-8c76b08\" data-id=\"8c76b08\" data-element_type=\"column\">\n\t\t\t<div class=\"elementor-column-wrap elementor-element-populated\">\n\t\t\t\t\t\t\t<div class=\"elementor-widget-wrap\">\n\t\t\t\t\t\t<div class=\"elementor-element elementor-element-8434403 elementor-align-center elementor-widget elementor-widget-button\" data-id=\"8434403\" data-element_type=\"widget\" data-widget_type=\"button.default\">\n\t\t\t\t<div class=\"elementor-widget-container\">\n\t\t\t\t\t<div class=\"elementor-button-wrapper\">\n\t\t\t<a href=\"https:\/\/censoeconomico.indec.gob.ar\/wp-content\/uploads\/2020\/12\/CPJ1_30112020.pdf\" target=\"_blank\" class=\"elementor-button-link elementor-button elementor-size-sm\" role=\"button\">\n\t\t\t\t\t\t<span class=\"elementor-button-content-wrapper\">\n\t\t\t\t\t\t<span class=\"elementor-button-icon elementor-align-icon-left\">\n\t\t\t\t<i aria-hidden=\"true\" class=\"fas fa-file-pdf\"><\/i>\t\t\t<\/span>\n\t\t\t\t\t\t<span class=\"elementor-button-text\">Descargar carta<\/span>\n\t\t<\/span>\n\t\t\t\t\t<\/a>\n\t\t<\/div>\n\t\t\t\t<\/div>\n\t\t\t\t<\/div>\n\t\t\t\t\t\t<\/div>\n\t\t\t\t\t<\/div>\n\t\t<\/div>\n\t\t\t\t\t\t\t\t<\/div>\n\t\t\t\t\t<\/div>\n\t\t<\/section>\n\t\t\t\t<section class=\"elementor-section elementor-inner-section elementor-element elementor-element-49b248d elementor-section-boxed elementor-section-height-default elementor-section-height-default\" data-id=\"49b248d\" data-element_type=\"section\">\n\t\t\t\t\t\t<div class=\"elementor-container elementor-column-gap-default\">\n\t\t\t\t\t\t\t<div class=\"elementor-row\">\n\t\t\t\t\t<div class=\"elementor-column elementor-col-50 elementor-inner-column elementor-element elementor-element-47342f1\" data-id=\"47342f1\" data-element_type=\"column\">\n\t\t\t<div class=\"elementor-column-wrap elementor-element-populated\">\n\t\t\t\t\t\t\t<div class=\"elementor-widget-wrap\">\n\t\t\t\t\t\t<div class=\"elementor-element elementor-element-819e151 elementor-widget elementor-widget-text-editor\" data-id=\"819e151\" data-element_type=\"widget\" data-widget_type=\"text-editor.default\">\n\t\t\t\t<div class=\"elementor-widget-container\">\n\t\t\t\t\t<div class=\"elementor-text-editor elementor-clearfix\"><p>Convocatoria a personas humanas (aut\u00f3nomos).<\/p><\/div>\n\t\t\t\t<\/div>\n\t\t\t\t<\/div>\n\t\t\t\t\t\t<\/div>\n\t\t\t\t\t<\/div>\n\t\t<\/div>\n\t\t\t\t<div class=\"elementor-column elementor-col-50 elementor-inner-column elementor-element elementor-element-5660972\" data-id=\"5660972\" data-element_type=\"column\">\n\t\t\t<div class=\"elementor-column-wrap elementor-element-populated\">\n\t\t\t\t\t\t\t<div class=\"elementor-widget-wrap\">\n\t\t\t\t\t\t<div class=\"elementor-element elementor-element-0826b5b elementor-align-center elementor-widget elementor-widget-button\" data-id=\"0826b5b\" data-element_type=\"widget\" data-widget_type=\"button.default\">\n\t\t\t\t<div class=\"elementor-widget-container\">\n\t\t\t\t\t<div class=\"elementor-button-wrapper\">\n\t\t\t<a href=\"https:\/\/censoeconomico.indec.gob.ar\/wp-content\/uploads\/2021\/01\/carta_convocatoria_autonomos_01_21.pdf\" target=\"_blank\" class=\"elementor-button-link elementor-button elementor-size-sm\" role=\"button\">\n\t\t\t\t\t\t<span class=\"elementor-button-content-wrapper\">\n\t\t\t\t\t\t<span class=\"elementor-button-icon elementor-align-icon-left\">\n\t\t\t\t<i aria-hidden=\"true\" class=\"fas fa-file-pdf\"><\/i>\t\t\t<\/span>\n\t\t\t\t\t\t<span class=\"elementor-button-text\">Descargar carta<\/span>\n\t\t<\/span>\n\t\t\t\t\t<\/a>\n\t\t<\/div>\n\t\t\t\t<\/div>\n\t\t\t\t<\/div>\n\t\t\t\t\t\t<\/div>\n\t\t\t\t\t<\/div>\n\t\t<\/div>\n\t\t\t\t\t\t\t\t<\/div>\n\t\t\t\t\t<\/div>\n\t\t<\/section>\n\t\t\t\t<section class=\"elementor-section elementor-inner-section elementor-element elementor-element-21caaa4 elementor-section-boxed elementor-section-height-default elementor-section-height-default\" data-id=\"21caaa4\" data-element_type=\"section\">\n\t\t\t\t\t\t<div class=\"elementor-container elementor-column-gap-default\">\n\t\t\t\t\t\t\t<div class=\"elementor-row\">\n\t\t\t\t\t<div class=\"elementor-column elementor-col-50 elementor-inner-column elementor-element elementor-element-998972a\" data-id=\"998972a\" data-element_type=\"column\">\n\t\t\t<div class=\"elementor-column-wrap elementor-element-populated\">\n\t\t\t\t\t\t\t<div class=\"elementor-widget-wrap\">\n\t\t\t\t\t\t<div class=\"elementor-element elementor-element-afa7a42 elementor-widget elementor-widget-text-editor\" data-id=\"afa7a42\" data-element_type=\"widget\" data-widget_type=\"text-editor.default\">\n\t\t\t\t<div class=\"elementor-widget-container\">\n\t\t\t\t\t<div class=\"elementor-text-editor elementor-clearfix\"><p>Convocatoria a personas humanas (monotributistas).<\/p><\/div>\n\t\t\t\t<\/div>\n\t\t\t\t<\/div>\n\t\t\t\t\t\t<\/div>\n\t\t\t\t\t<\/div>\n\t\t<\/div>\n\t\t\t\t<div class=\"elementor-column elementor-col-50 elementor-inner-column elementor-element elementor-element-96e5134\" data-id=\"96e5134\" data-element_type=\"column\">\n\t\t\t<div class=\"elementor-column-wrap elementor-element-populated\">\n\t\t\t\t\t\t\t<div class=\"elementor-widget-wrap\">\n\t\t\t\t\t\t<div class=\"elementor-element elementor-element-b2518d1 elementor-align-center elementor-widget elementor-widget-button\" data-id=\"b2518d1\" data-element_type=\"widget\" data-widget_type=\"button.default\">\n\t\t\t\t<div class=\"elementor-widget-container\">\n\t\t\t\t\t<div class=\"elementor-button-wrapper\">\n\t\t\t<a href=\"https:\/\/censoeconomico.indec.gob.ar\/wp-content\/uploads\/2021\/04\/carta_convocatoria_monotributistas_04_21.pdf\" target=\"_blank\" class=\"elementor-button-link elementor-button elementor-size-sm\" role=\"button\">\n\t\t\t\t\t\t<span class=\"elementor-button-content-wrapper\">\n\t\t\t\t\t\t<span class=\"elementor-button-icon elementor-align-icon-left\">\n\t\t\t\t<i aria-hidden=\"true\" class=\"fas fa-file-pdf\"><\/i>\t\t\t<\/span>\n\t\t\t\t\t\t<span class=\"elementor-button-text\">Descargar carta<\/span>\n\t\t<\/span>\n\t\t\t\t\t<\/a>\n\t\t<\/div>\n\t\t\t\t<\/div>\n\t\t\t\t<\/div>\n\t\t\t\t\t\t<\/div>\n\t\t\t\t\t<\/div>\n\t\t<\/div>\n\t\t\t\t\t\t\t\t<\/div>\n\t\t\t\t\t<\/div>\n\t\t<\/section>\n\t\t\t\t<div class=\"elementor-element elementor-element-23efd69 elementor-widget elementor-widget-spacer\" data-id=\"23efd69\" data-element_type=\"widget\" data-widget_type=\"spacer.default\">\n\t\t\t\t<div class=\"elementor-widget-container\">\n\t\t\t\t\t<div class=\"elementor-spacer\">\n\t\t\t<div class=\"elementor-spacer-inner\"><\/div>\n\t\t<\/div>\n\t\t\t\t<\/div>\n\t\t\t\t<\/div>\n\t\t\t\t\t\t<\/div>\n\t\t\t\t\t<\/div>\n\t\t<\/div>\n\t\t\t\t\t\t\t\t<\/div>\n\t\t\t\t\t<\/div>\n\t\t<\/section>\n\t\t\t\t\t\t<\/div>\n\t\t\t\t\t\t<\/div>\n\t\t\t\t\t<\/div>\n\t\t","protected":false},"excerpt":{"rendered":"<p>El e-CNE. Todos los productores de bienes y servicios del pa\u00eds que tengan una actividad registrada participar\u00e1n en el CNE. Se estima que m\u00e1s de 6.500.000 personas humanas y jur\u00eddicas tendr\u00e1n que completar el cuestionario digital disponible en la aplicaci\u00f3n desarrollada por el INDEC (el e-CNE) para la primera etapa del censo.<\/p>\n","protected":false},"author":7,"featured_media":2363,"parent":0,"menu_order":0,"comment_status":"closed","ping_status":"closed","template":"elementor_header_footer","meta":[],"yoast_head":"<!-- This site is optimized with the Yoast SEO plugin v15.5 - https:\/\/yoast.com\/wordpress\/plugins\/seo\/ -->\n<title>El e-CNE - CNE<\/title>\n<meta name=\"robots\" content=\"index, follow, max-snippet:-1, max-image-preview:large, max-video-preview:-1\" \/>\n<link rel=\"canonical\" href=\"https:\/\/censoeconomico.indec.gob.ar\/index.php\/el-e-cne\/\" \/>\n<meta property=\"og:locale\" content=\"es_ES\" \/>\n<meta property=\"og:type\" content=\"article\" \/>\n<meta property=\"og:title\" content=\"El e-CNE - CNE\" \/>\n<meta property=\"og:description\" content=\"El e-CNE. Todos los productores de bienes y servicios del pa\u00eds que tengan una actividad registrada participar\u00e1n en el CNE. Se estima que m\u00e1s de 6.500.000 personas humanas y jur\u00eddicas tendr\u00e1n que completar el cuestionario digital disponible en la aplicaci\u00f3n desarrollada por el INDEC (el e-CNE) para la primera etapa del censo.\" \/>\n<meta property=\"og:url\" content=\"https:\/\/censoeconomico.indec.gob.ar\/index.php\/el-e-cne\/\" \/>\n<meta property=\"og:site_name\" content=\"CNE\" \/>\n<meta property=\"article:modified_time\" content=\"2022-10-25T22:15:27+00:00\" \/>\n<meta property=\"og:image\" content=\"https:\/\/censoeconomico.indec.gob.ar\/wp-content\/uploads\/2020\/11\/Completar-CNE-scaled.jpg\" \/>\n\t<meta property=\"og:image:width\" content=\"2560\" \/>\n\t<meta property=\"og:image:height\" content=\"1706\" \/>\n<meta name=\"twitter:card\" content=\"summary_large_image\" \/>\n<meta name=\"twitter:image\" content=\"https:\/\/censoeconomico.indec.gob.ar\/wp-content\/uploads\/2020\/11\/Completar-CNE-scaled.jpg\" \/>\n<meta name=\"twitter:label1\" content=\"Est. reading time\">\n\t<meta name=\"twitter:data1\" content=\"2 minutos\">\n<script type=\"application\/ld+json\" class=\"yoast-schema-graph\">{\"@context\":\"https:\/\/schema.org\",\"@graph\":[{\"@type\":\"WebSite\",\"@id\":\"https:\/\/censoeconomico.indec.gob.ar\/#website\",\"url\":\"https:\/\/censoeconomico.indec.gob.ar\/\",\"name\":\"CNE\",\"description\":\"Censo Nacional Econ\\u00f3mico\",\"potentialAction\":[{\"@type\":\"SearchAction\",\"target\":\"https:\/\/censoeconomico.indec.gob.ar\/?s={search_term_string}\",\"query-input\":\"required name=search_term_string\"}],\"inLanguage\":\"es-AR\"},{\"@type\":\"ImageObject\",\"@id\":\"https:\/\/censoeconomico.indec.gob.ar\/index.php\/el-e-cne\/#primaryimage\",\"inLanguage\":\"es-AR\",\"url\":\"https:\/\/censoeconomico.indec.gob.ar\/wp-content\/uploads\/2020\/11\/Completar-CNE-scaled.jpg\",\"width\":2560,\"height\":1706,\"caption\":\"Cronograma CNE\"},{\"@type\":\"WebPage\",\"@id\":\"https:\/\/censoeconomico.indec.gob.ar\/index.php\/el-e-cne\/#webpage\",\"url\":\"https:\/\/censoeconomico.indec.gob.ar\/index.php\/el-e-cne\/\",\"name\":\"El e-CNE - CNE\",\"isPartOf\":{\"@id\":\"https:\/\/censoeconomico.indec.gob.ar\/#website\"},\"primaryImageOfPage\":{\"@id\":\"https:\/\/censoeconomico.indec.gob.ar\/index.php\/el-e-cne\/#primaryimage\"},\"datePublished\":\"2020-07-23T14:55:24+00:00\",\"dateModified\":\"2022-10-25T22:15:27+00:00\",\"inLanguage\":\"es-AR\",\"potentialAction\":[{\"@type\":\"ReadAction\",\"target\":[\"https:\/\/censoeconomico.indec.gob.ar\/index.php\/el-e-cne\/\"]}]}]}<\/script>\n<!-- \/ Yoast SEO plugin. -->","_links":{"self":[{"href":"https:\/\/censoeconomico.indec.gob.ar\/index.php\/wp-json\/wp\/v2\/pages\/183"}],"collection":[{"href":"https:\/\/censoeconomico.indec.gob.ar\/index.php\/wp-json\/wp\/v2\/pages"}],"about":[{"href":"https:\/\/censoeconomico.indec.gob.ar\/index.php\/wp-json\/wp\/v2\/types\/page"}],"author":[{"embeddable":true,"href":"https:\/\/censoeconomico.indec.gob.ar\/index.php\/wp-json\/wp\/v2\/users\/7"}],"replies":[{"embeddable":true,"href":"https:\/\/censoeconomico.indec.gob.ar\/index.php\/wp-json\/wp\/v2\/comments?post=183"}],"version-history":[{"count":74,"href":"https:\/\/censoeconomico.indec.gob.ar\/index.php\/wp-json\/wp\/v2\/pages\/183\/revisions"}],"predecessor-version":[{"id":3681,"href":"https:\/\/censoeconomico.indec.gob.ar\/index.php\/wp-json\/wp\/v2\/pages\/183\/revisions\/3681"}],"wp:featuredmedia":[{"embeddable":true,"href":"https:\/\/censoeconomico.indec.gob.ar\/index.php\/wp-json\/wp\/v2\/media\/2363"}],"wp:attachment":[{"href":"https:\/\/censoeconomico.indec.gob.ar\/index.php\/wp-json\/wp\/v2\/media?parent=183"}],"curies":[{"name":"wp","href":"https:\/\/api.w.org\/{rel}","templated":true}]}}